{"id":422,"date":"2022-12-23T16:13:28","date_gmt":"2022-12-23T16:13:28","guid":{"rendered":"https:\/\/goodservice.es\/calculadora-copy\/"},"modified":"2023-09-06T14:40:05","modified_gmt":"2023-09-06T14:40:05","slug":"quienes-somos","status":"publish","type":"page","link":"https:\/\/goodservice.es\/it\/chi-siamo\/","title":{"rendered":"Chi siamo"},"content":{"rendered":"<div data-elementor-type=\"wp-page\" data-elementor-id=\"422\" class=\"elementor elementor-422\" data-elementor-post-type=\"page\">\n\t\t\t\t\t\t<section class=\"elementor-section elementor-top-section elementor-element elementor-element-587a446 elementor-section-content-middle elementor-reverse-tablet elementor-reverse-mobile elementor-section-boxed elementor-section-height-default elementor-section-height-default\" data-id=\"587a446\" data-element_type=\"section\" data-settings=\"{&quot;background_background&quot;:&quot;classic&quot;}\">\n\t\t\t\t\t\t\t<div class=\"elementor-background-overlay\"><\/div>\n\t\t\t\t\t\t\t<div class=\"elementor-container elementor-column-gap-default\">\n\t\t\t\t\t<div class=\"elementor-column elementor-col-50 elementor-top-column elementor-element elementor-element-68e0353\" data-id=\"68e0353\" data-element_type=\"column\" data-settings=\"{&quot;background_background&quot;:&quot;classic&quot;}\">\n\t\t\t<div class=\"elementor-widget-wrap elementor-element-populated\">\n\t\t\t\t\t\t<div class=\"elementor-element elementor-element-a17a381 elementor-widget elementor-widget-heading\" data-id=\"a17a381\" data-element_type=\"widget\" data-widget_type=\"heading.default\">\n\t\t\t\t<div class=\"elementor-widget-container\">\n\t\t\t\t\t<h1 class=\"elementor-heading-title elementor-size-default\">Chi siamo<\/h1>\t\t\t\t<\/div>\n\t\t\t\t<\/div>\n\t\t\t\t<div class=\"elementor-element elementor-element-de9b858 elementor-widget-divider--view-line elementor-widget elementor-widget-divider\" data-id=\"de9b858\" data-element_type=\"widget\" data-widget_type=\"divider.default\">\n\t\t\t\t<div class=\"elementor-widget-container\">\n\t\t\t\t\t\t\t<div class=\"elementor-divider\">\n\t\t\t<span class=\"elementor-divider-separator\">\n\t\t\t\t\t\t<\/span>\n\t\t<\/div>\n\t\t\t\t\t\t<\/div>\n\t\t\t\t<\/div>\n\t\t\t\t<div class=\"elementor-element elementor-element-b3ae87c elementor-widget elementor-widget-text-editor\" data-id=\"b3ae87c\" data-element_type=\"widget\" data-widget_type=\"text-editor.default\">\n\t\t\t\t<div class=\"elementor-widget-container\">\n\t\t\t\t\t\t\t\t\t<p>Good Service \u00e8 un&#039;azienda creata per portare servizi sanitari e funebri a chiunque ne abbia bisogno, senza dover pagare tariffe elevate e beneficiando di tutte le coperture e dei servizi offerti dai nostri professionisti.<\/p><p>In questo modo, Good Service offre servizi e copertura di alta qualit\u00e0 in modo semplice e accessibile a tutti.<\/p><p>Dopo oltre 10 anni di servizio, Good Service continua a crescere e a garantire l&#039;eccellenza nella gestione e nel servizio.<\/p><p>Come cliente Good Service puoi accedere a tutto ci\u00f2 che riguarda i servizi sanitari e funebri.<\/p><p>Good Service dispone di uno dei team medici pi\u00f9 grandi del Paese (oltre 40.000 specialisti) e di una rete di servizi funebri che copre l&#039;intero territorio nazionale.<\/p>\t\t\t\t\t\t\t\t<\/div>\n\t\t\t\t<\/div>\n\t\t\t\t<div class=\"elementor-element elementor-element-681a92a elementor-widget elementor-widget-heading\" data-id=\"681a92a\" data-element_type=\"widget\" data-widget_type=\"heading.default\">\n\t\t\t\t<div class=\"elementor-widget-container\">\n\t\t\t\t\t<div class=\"elementor-heading-title elementor-size-default\">Noi di Good Service ci prendiamo cura di tutto, cos\u00ec tu non dovrai preoccuparti di nulla.<\/div>\t\t\t\t<\/div>\n\t\t\t\t<\/div>\n\t\t\t\t\t<\/div>\n\t\t<\/div>\n\t\t\t\t<div class=\"elementor-column elementor-col-50 elementor-top-column elementor-element elementor-element-5788e3a\" data-id=\"5788e3a\" data-element_type=\"column\" data-settings=\"{&quot;background_background&quot;:&quot;classic&quot;}\">\n\t\t\t<div class=\"elementor-widget-wrap elementor-element-populated\">\n\t\t\t\t\t\t<div class=\"elementor-element elementor-element-bfbc25c elementor-widget elementor-widget-image\" data-id=\"bfbc25c\" data-element_type=\"widget\" data-widget_type=\"image.default\">\n\t\t\t\t<div class=\"elementor-widget-container\">\n\t\t\t\t\t\t\t\t\t\t\t\t\t\t\t<img fetchpriority=\"high\" decoding=\"async\" width=\"800\" height=\"800\" src=\"https:\/\/goodservice.es\/wp-content\/uploads\/2022\/11\/bgserv.svg\" class=\"attachment-large size-large wp-image-173\" alt=\"Composizione dei medici\" \/>\t\t\t\t\t\t\t\t\t\t\t\t\t\t\t<\/div>\n\t\t\t\t<\/div>\n\t\t\t\t<section class=\"elementor-section elementor-inner-section elementor-element elementor-element-e5ef9c5 elementor-section-content-middle tar-san elementor-hidden-tablet elementor-hidden-mobile elementor-section-boxed elementor-section-height-default elementor-section-height-default\" data-id=\"e5ef9c5\" data-element_type=\"section\" data-settings=\"{&quot;background_background&quot;:&quot;classic&quot;}\">\n\t\t\t\t\t\t<div class=\"elementor-container elementor-column-gap-no\">\n\t\t\t\t\t<div class=\"elementor-column elementor-col-50 elementor-inner-column elementor-element elementor-element-2f6052f\" data-id=\"2f6052f\" data-element_type=\"column\">\n\t\t\t<div class=\"elementor-widget-wrap elementor-element-populated\">\n\t\t\t\t\t\t<div class=\"elementor-element elementor-element-7a5f5e3 elementor-view-default elementor-widget elementor-widget-icon\" data-id=\"7a5f5e3\" data-element_type=\"widget\" data-widget_type=\"icon.default\">\n\t\t\t\t<div class=\"elementor-widget-container\">\n\t\t\t\t\t\t\t<div class=\"elementor-icon-wrapper\">\n\t\t\t<a class=\"elementor-icon\" href=\"\/it\/salute\/\">\n\t\t\t<i aria-hidden=\"true\" class=\"jki jki-id-card\"><\/i>\t\t\t<\/a>\n\t\t<\/div>\n\t\t\t\t\t\t<\/div>\n\t\t\t\t<\/div>\n\t\t\t\t\t<\/div>\n\t\t<\/div>\n\t\t\t\t<div class=\"elementor-column elementor-col-50 elementor-inner-column elementor-element elementor-element-c794bf3\" data-id=\"c794bf3\" data-element_type=\"column\">\n\t\t\t<div class=\"elementor-widget-wrap elementor-element-populated\">\n\t\t\t\t\t\t<div class=\"elementor-element elementor-element-3348205 elementor-widget__width-auto elementor-widget elementor-widget-heading\" data-id=\"3348205\" data-element_type=\"widget\" data-widget_type=\"heading.default\">\n\t\t\t\t<div class=\"elementor-widget-container\">\n\t\t\t\t\t<h2 class=\"elementor-heading-title elementor-size-default\"><a href=\"\/it\/salute\/\">Tessera Sanitaria<\/a><\/h2>\t\t\t\t<\/div>\n\t\t\t\t<\/div>\n\t\t\t\t<div class=\"elementor-element elementor-element-12829fb elementor-widget__width-auto elementor-absolute elementor-widget-divider--view-line elementor-widget elementor-widget-divider\" data-id=\"12829fb\" data-element_type=\"widget\" data-settings=\"{&quot;_position&quot;:&quot;absolute&quot;}\" data-widget_type=\"divider.default\">\n\t\t\t\t<div class=\"elementor-widget-container\">\n\t\t\t\t\t\t\t<div class=\"elementor-divider\">\n\t\t\t<span class=\"elementor-divider-separator\">\n\t\t\t\t\t\t<\/span>\n\t\t<\/div>\n\t\t\t\t\t\t<\/div>\n\t\t\t\t<\/div>\n\t\t\t\t\t<\/div>\n\t\t<\/div>\n\t\t\t\t\t<\/div>\n\t\t<\/section>\n\t\t\t\t<section class=\"elementor-section elementor-inner-section elementor-element elementor-element-c58fe6d elementor-section-content-middle seg-dec elementor-hidden-tablet elementor-hidden-mobile elementor-section-boxed elementor-section-height-default elementor-section-height-default\" data-id=\"c58fe6d\" data-element_type=\"section\" data-settings=\"{&quot;background_background&quot;:&quot;classic&quot;}\">\n\t\t\t\t\t\t<div class=\"elementor-container elementor-column-gap-no\">\n\t\t\t\t\t<div class=\"elementor-column elementor-col-50 elementor-inner-column elementor-element elementor-element-84e4e84\" data-id=\"84e4e84\" data-element_type=\"column\">\n\t\t\t<div class=\"elementor-widget-wrap elementor-element-populated\">\n\t\t\t\t\t\t<div class=\"elementor-element elementor-element-68c8fce elementor-view-default elementor-widget elementor-widget-icon\" data-id=\"68c8fce\" data-element_type=\"widget\" data-widget_type=\"icon.default\">\n\t\t\t\t<div class=\"elementor-widget-container\">\n\t\t\t\t\t\t\t<div class=\"elementor-icon-wrapper\">\n\t\t\t<a class=\"elementor-icon\" href=\"\/it\/deceduti\/\">\n\t\t\t<i aria-hidden=\"true\" class=\"jki jki-university-solid\"><\/i>\t\t\t<\/a>\n\t\t<\/div>\n\t\t\t\t\t\t<\/div>\n\t\t\t\t<\/div>\n\t\t\t\t\t<\/div>\n\t\t<\/div>\n\t\t\t\t<div class=\"elementor-column elementor-col-50 elementor-inner-column elementor-element elementor-element-0e533dd\" data-id=\"0e533dd\" data-element_type=\"column\">\n\t\t\t<div class=\"elementor-widget-wrap elementor-element-populated\">\n\t\t\t\t\t\t<div class=\"elementor-element elementor-element-37428df elementor-widget__width-auto elementor-widget elementor-widget-heading\" data-id=\"37428df\" data-element_type=\"widget\" data-widget_type=\"heading.default\">\n\t\t\t\t<div class=\"elementor-widget-container\">\n\t\t\t\t\t<h2 class=\"elementor-heading-title elementor-size-default\"><a href=\"\/it\/deceduti\/\">Assicurazione sulla morte<\/a><\/h2>\t\t\t\t<\/div>\n\t\t\t\t<\/div>\n\t\t\t\t<div class=\"elementor-element elementor-element-6042a5d elementor-widget__width-auto elementor-absolute elementor-widget-divider--view-line elementor-widget elementor-widget-divider\" data-id=\"6042a5d\" data-element_type=\"widget\" data-settings=\"{&quot;_position&quot;:&quot;absolute&quot;}\" data-widget_type=\"divider.default\">\n\t\t\t\t<div class=\"elementor-widget-container\">\n\t\t\t\t\t\t\t<div class=\"elementor-divider\">\n\t\t\t<span class=\"elementor-divider-separator\">\n\t\t\t\t\t\t<\/span>\n\t\t<\/div>\n\t\t\t\t\t\t<\/div>\n\t\t\t\t<\/div>\n\t\t\t\t\t<\/div>\n\t\t<\/div>\n\t\t\t\t\t<\/div>\n\t\t<\/section>\n\t\t\t\t\t<\/div>\n\t\t<\/div>\n\t\t\t\t\t<\/div>\n\t\t<\/section>\n\t\t\t\t<section class=\"elementor-section elementor-top-section elementor-element elementor-element-9f6972c elementor-section-boxed elementor-section-height-default elementor-section-height-default\" data-id=\"9f6972c\" data-element_type=\"section\">\n\t\t\t\t\t\t<div class=\"elementor-container elementor-column-gap-default\">\n\t\t\t\t\t<div class=\"elementor-column elementor-col-100 elementor-top-column elementor-element elementor-element-98917b0\" data-id=\"98917b0\" data-element_type=\"column\">\n\t\t\t<div class=\"elementor-widget-wrap\">\n\t\t\t\t\t\t\t<\/div>\n\t\t<\/div>\n\t\t\t\t\t<\/div>\n\t\t<\/section>\n\t\t\t\t<\/div>","protected":false},"excerpt":{"rendered":"<p>Qui\u00e9nes Somos Good Service es una compa\u00f1\u00eda creada para acercar los servicios de salud y atenci\u00f3n funeraria a toda persona que lo requiera, sin tener que pagar grandes cuotas y benefici\u00e1ndose de todas las coberturas y servicios que ofrecen nuestros profesionales. As\u00ed, de forma f\u00e1cil y accesible para todos, Good Service ofrece una gran calidad [&hellip;]<\/p>","protected":false},"author":1,"featured_media":0,"parent":0,"menu_order":0,"comment_status":"closed","ping_status":"closed","template":"","meta":{"inline_featured_image":false,"footnotes":""},"class_list":["post-422","page","type-page","status-publish","hentry"],"yoast_head":"<!-- This site is optimized with the Yoast SEO plugin v24.7 - https:\/\/yoast.com\/wordpress\/plugins\/seo\/ -->\n<title>Qui\u00e9nes Somos - Good Service<\/title>\n<meta name=\"robots\" content=\"index, follow, max-snippet:-1, max-image-preview:large, max-video-preview:-1\" \/>\n<link rel=\"canonical\" href=\"https:\/\/goodservice.es\/it\/chi-siamo\/\" \/>\n<meta property=\"og:locale\" content=\"it_IT\" \/>\n<meta property=\"og:type\" content=\"article\" \/>\n<meta property=\"og:title\" content=\"Qui\u00e9nes Somos - Good Service\" \/>\n<meta property=\"og:description\" content=\"Qui\u00e9nes Somos Good Service es una compa\u00f1\u00eda creada para acercar los servicios de salud y atenci\u00f3n funeraria a toda persona que lo requiera, sin tener que pagar grandes cuotas y benefici\u00e1ndose de todas las coberturas y servicios que ofrecen nuestros profesionales. As\u00ed, de forma f\u00e1cil y accesible para todos, Good Service ofrece una gran calidad [&hellip;]\" \/>\n<meta property=\"og:url\" content=\"https:\/\/goodservice.es\/it\/chi-siamo\/\" \/>\n<meta property=\"og:site_name\" content=\"Good Service\" \/>\n<meta property=\"article:modified_time\" content=\"2023-09-06T14:40:05+00:00\" \/>\n<meta property=\"og:image\" content=\"https:\/\/goodservice.es\/wp-content\/uploads\/2022\/11\/bgserv.svg\" \/>\n<meta name=\"twitter:card\" content=\"summary_large_image\" \/>\n<meta name=\"twitter:label1\" content=\"Tempo di lettura stimato\" \/>\n\t<meta name=\"twitter:data1\" content=\"1 minuto\" \/>\n<script type=\"application\/ld+json\" class=\"yoast-schema-graph\">{\"@context\":\"https:\/\/schema.org\",\"@graph\":[{\"@type\":\"WebPage\",\"@id\":\"https:\/\/goodservice.es\/quienes-somos\/\",\"url\":\"https:\/\/goodservice.es\/quienes-somos\/\",\"name\":\"Qui\u00e9nes Somos - Good Service\",\"isPartOf\":{\"@id\":\"https:\/\/goodservice.es\/#website\"},\"primaryImageOfPage\":{\"@id\":\"https:\/\/goodservice.es\/quienes-somos\/#primaryimage\"},\"image\":{\"@id\":\"https:\/\/goodservice.es\/quienes-somos\/#primaryimage\"},\"thumbnailUrl\":\"https:\/\/goodservice.es\/wp-content\/uploads\/2022\/11\/bgserv.svg\",\"datePublished\":\"2022-12-23T16:13:28+00:00\",\"dateModified\":\"2023-09-06T14:40:05+00:00\",\"inLanguage\":\"it-IT\",\"potentialAction\":[{\"@type\":\"ReadAction\",\"target\":[\"https:\/\/goodservice.es\/quienes-somos\/\"]}]},{\"@type\":\"ImageObject\",\"inLanguage\":\"it-IT\",\"@id\":\"https:\/\/goodservice.es\/quienes-somos\/#primaryimage\",\"url\":\"https:\/\/goodservice.es\/wp-content\/uploads\/2022\/11\/bgserv.svg\",\"contentUrl\":\"https:\/\/goodservice.es\/wp-content\/uploads\/2022\/11\/bgserv.svg\"},{\"@type\":\"WebSite\",\"@id\":\"https:\/\/goodservice.es\/#website\",\"url\":\"https:\/\/goodservice.es\/\",\"name\":\"Good Service\",\"description\":\"Tarjeta Sanitaria\",\"publisher\":{\"@id\":\"https:\/\/goodservice.es\/#organization\"},\"potentialAction\":[{\"@type\":\"SearchAction\",\"target\":{\"@type\":\"EntryPoint\",\"urlTemplate\":\"https:\/\/goodservice.es\/?s={search_term_string}\"},\"query-input\":{\"@type\":\"PropertyValueSpecification\",\"valueRequired\":true,\"valueName\":\"search_term_string\"}}],\"inLanguage\":\"it-IT\"},{\"@type\":\"Organization\",\"@id\":\"https:\/\/goodservice.es\/#organization\",\"name\":\"Good Service\",\"url\":\"https:\/\/goodservice.es\/\",\"logo\":{\"@type\":\"ImageObject\",\"inLanguage\":\"it-IT\",\"@id\":\"https:\/\/goodservice.es\/#\/schema\/logo\/image\/\",\"url\":\"https:\/\/goodservice.es\/wp-content\/uploads\/2022\/11\/logo.svg\",\"contentUrl\":\"https:\/\/goodservice.es\/wp-content\/uploads\/2022\/11\/logo.svg\",\"width\":208,\"height\":108,\"caption\":\"Good Service\"},\"image\":{\"@id\":\"https:\/\/goodservice.es\/#\/schema\/logo\/image\/\"}}]}<\/script>\n<!-- \/ Yoast SEO plugin. -->","yoast_head_json":{"title":"Qui\u00e9nes Somos - Good Service","robots":{"index":"index","follow":"follow","max-snippet":"max-snippet:-1","max-image-preview":"max-image-preview:large","max-video-preview":"max-video-preview:-1"},"canonical":"https:\/\/goodservice.es\/it\/chi-siamo\/","og_locale":"it_IT","og_type":"article","og_title":"Qui\u00e9nes Somos - Good Service","og_description":"Qui\u00e9nes Somos Good Service es una compa\u00f1\u00eda creada para acercar los servicios de salud y atenci\u00f3n funeraria a toda persona que lo requiera, sin tener que pagar grandes cuotas y benefici\u00e1ndose de todas las coberturas y servicios que ofrecen nuestros profesionales. As\u00ed, de forma f\u00e1cil y accesible para todos, Good Service ofrece una gran calidad [&hellip;]","og_url":"https:\/\/goodservice.es\/it\/chi-siamo\/","og_site_name":"Good Service","article_modified_time":"2023-09-06T14:40:05+00:00","og_image":[{"url":"https:\/\/goodservice.es\/wp-content\/uploads\/2022\/11\/bgserv.svg","type":"","width":"","height":""}],"twitter_card":"summary_large_image","twitter_misc":{"Tempo di lettura stimato":"1 minuto"},"schema":{"@context":"https:\/\/schema.org","@graph":[{"@type":"WebPage","@id":"https:\/\/goodservice.es\/quienes-somos\/","url":"https:\/\/goodservice.es\/quienes-somos\/","name":"Qui\u00e9nes Somos - Good Service","isPartOf":{"@id":"https:\/\/goodservice.es\/#website"},"primaryImageOfPage":{"@id":"https:\/\/goodservice.es\/quienes-somos\/#primaryimage"},"image":{"@id":"https:\/\/goodservice.es\/quienes-somos\/#primaryimage"},"thumbnailUrl":"https:\/\/goodservice.es\/wp-content\/uploads\/2022\/11\/bgserv.svg","datePublished":"2022-12-23T16:13:28+00:00","dateModified":"2023-09-06T14:40:05+00:00","inLanguage":"it-IT","potentialAction":[{"@type":"ReadAction","target":["https:\/\/goodservice.es\/quienes-somos\/"]}]},{"@type":"ImageObject","inLanguage":"it-IT","@id":"https:\/\/goodservice.es\/quienes-somos\/#primaryimage","url":"https:\/\/goodservice.es\/wp-content\/uploads\/2022\/11\/bgserv.svg","contentUrl":"https:\/\/goodservice.es\/wp-content\/uploads\/2022\/11\/bgserv.svg"},{"@type":"WebSite","@id":"https:\/\/goodservice.es\/#website","url":"https:\/\/goodservice.es\/","name":"Good Service","description":"Tarjeta Sanitaria","publisher":{"@id":"https:\/\/goodservice.es\/#organization"},"potentialAction":[{"@type":"SearchAction","target":{"@type":"EntryPoint","urlTemplate":"https:\/\/goodservice.es\/?s={search_term_string}"},"query-input":{"@type":"PropertyValueSpecification","valueRequired":true,"valueName":"search_term_string"}}],"inLanguage":"it-IT"},{"@type":"Organization","@id":"https:\/\/goodservice.es\/#organization","name":"Good Service","url":"https:\/\/goodservice.es\/","logo":{"@type":"ImageObject","inLanguage":"it-IT","@id":"https:\/\/goodservice.es\/#\/schema\/logo\/image\/","url":"https:\/\/goodservice.es\/wp-content\/uploads\/2022\/11\/logo.svg","contentUrl":"https:\/\/goodservice.es\/wp-content\/uploads\/2022\/11\/logo.svg","width":208,"height":108,"caption":"Good Service"},"image":{"@id":"https:\/\/goodservice.es\/#\/schema\/logo\/image\/"}}]}},"_links":{"self":[{"href":"https:\/\/goodservice.es\/it\/wp-json\/wp\/v2\/pages\/422","targetHints":{"allow":["GET"]}}],"collection":[{"href":"https:\/\/goodservice.es\/it\/wp-json\/wp\/v2\/pages"}],"about":[{"href":"https:\/\/goodservice.es\/it\/wp-json\/wp\/v2\/types\/page"}],"author":[{"embeddable":true,"href":"https:\/\/goodservice.es\/it\/wp-json\/wp\/v2\/users\/1"}],"replies":[{"embeddable":true,"href":"https:\/\/goodservice.es\/it\/wp-json\/wp\/v2\/comments?post=422"}],"version-history":[{"count":31,"href":"https:\/\/goodservice.es\/it\/wp-json\/wp\/v2\/pages\/422\/revisions"}],"predecessor-version":[{"id":856,"href":"https:\/\/goodservice.es\/it\/wp-json\/wp\/v2\/pages\/422\/revisions\/856"}],"wp:attachment":[{"href":"https:\/\/goodservice.es\/it\/wp-json\/wp\/v2\/media?parent=422"}],"curies":[{"name":"wp","href":"https:\/\/api.w.org\/{rel}","templated":true}]}}