{"id":688,"date":"2023-02-20T12:21:29","date_gmt":"2023-02-20T12:21:29","guid":{"rendered":"https:\/\/goodservice.es\/quienes-somos-copy\/"},"modified":"2024-12-20T09:13:16","modified_gmt":"2024-12-20T09:13:16","slug":"aviso-legal","status":"publish","type":"page","link":"https:\/\/goodservice.es\/it\/avviso-legale\/","title":{"rendered":"Note legali"},"content":{"rendered":"<div data-elementor-type=\"wp-page\" data-elementor-id=\"688\" class=\"elementor elementor-688\" data-elementor-post-type=\"page\">\n\t\t\t\t\t\t<section class=\"elementor-section elementor-top-section elementor-element elementor-element-587a446 elementor-section-content-middle elementor-reverse-tablet elementor-reverse-mobile elementor-section-boxed elementor-section-height-default elementor-section-height-default\" data-id=\"587a446\" data-element_type=\"section\" data-settings=\"{&quot;background_background&quot;:&quot;classic&quot;}\">\n\t\t\t\t\t\t\t<div class=\"elementor-background-overlay\"><\/div>\n\t\t\t\t\t\t\t<div class=\"elementor-container elementor-column-gap-default\">\n\t\t\t\t\t<div class=\"elementor-column elementor-col-100 elementor-top-column elementor-element elementor-element-68e0353\" data-id=\"68e0353\" data-element_type=\"column\" data-settings=\"{&quot;background_background&quot;:&quot;classic&quot;}\">\n\t\t\t<div class=\"elementor-widget-wrap elementor-element-populated\">\n\t\t\t\t\t\t<div class=\"elementor-element elementor-element-a17a381 elementor-widget elementor-widget-heading\" data-id=\"a17a381\" data-element_type=\"widget\" data-widget_type=\"heading.default\">\n\t\t\t\t<div class=\"elementor-widget-container\">\n\t\t\t\t\t<h1 class=\"elementor-heading-title elementor-size-default\">Note legali<\/h1>\t\t\t\t<\/div>\n\t\t\t\t<\/div>\n\t\t\t\t<div class=\"elementor-element elementor-element-de9b858 elementor-widget-divider--view-line elementor-widget elementor-widget-divider\" data-id=\"de9b858\" data-element_type=\"widget\" data-widget_type=\"divider.default\">\n\t\t\t\t<div class=\"elementor-widget-container\">\n\t\t\t\t\t\t\t<div class=\"elementor-divider\">\n\t\t\t<span class=\"elementor-divider-separator\">\n\t\t\t\t\t\t<\/span>\n\t\t<\/div>\n\t\t\t\t\t\t<\/div>\n\t\t\t\t<\/div>\n\t\t\t\t<div class=\"elementor-element elementor-element-f64c1ab elementor-widget elementor-widget-text-editor\" data-id=\"f64c1ab\" data-element_type=\"widget\" data-widget_type=\"text-editor.default\">\n\t\t\t\t<div class=\"elementor-widget-container\">\n\t\t\t\t\t\t\t\t\t<p>Il presente Avviso Legale regola le condizioni generali di accesso e utilizzo del sito web accessibile all&#039;URL https:\/\/goodservice.es\/ (di seguito, il sito web), che Asistencia Sanitaria Argarot SL mette a disposizione degli utenti di Internet.<br \/>L&#039;utilizzo del sito web implica l&#039;accettazione piena e senza riserve di tutte le disposizioni contenute nel presente Avviso Legale. Di conseguenza, gli utenti del sito web devono leggere attentamente la presente Nota Legale ogni volta che intendono utilizzare il sito web, poich\u00e9 il testo potrebbe essere modificato a discrezione del proprietario del sito web o a causa di cambiamenti nella legislazione, nella giurisprudenza o nelle pratiche commerciali.<\/p><h3><span style=\"color: #138ccd;\"><strong>1 \u00b7 TITOLARIT\u00c0 DEL SITO WEB.<\/strong><\/span><\/h3><p>Sede legale: Calle Rosa, 9<br \/>Popolazione: Badajoz<br \/>Provincia: Badajoz<br \/>Codice di identificazione: 06010<br \/>Codice fiscale: B06744171<br \/>Numero di telefono di contatto: 924 09 06 03<br \/>E-mail: info@goodservice.es<\/p><h3><span style=\"color: #138ccd;\"><strong>2 \u00b7 OGGETTO.<\/strong><\/span><\/h3><p>Il sito web consente agli utenti di accedere alle informazioni e ai servizi forniti da Asistencia Sanitaria Argarot SL a persone o organizzazioni interessate.<\/p><h3><span style=\"color: #138ccd;\"><strong>3 \u00b7 ACCESSO E UTILIZZO DEL SITO WEB.<\/strong><\/span><\/h3><p>3.1.- Libero accesso e utilizzo del sito web.<br \/>L&#039;accesso al sito web \u00e8 gratuito per gli utenti.<br \/>3.2.- Registrazione dell&#039;utente.<br \/>In generale, l&#039;accesso e l&#039;utilizzo del sito web non richiedono la previa sottoscrizione o registrazione degli utenti.<\/p><h3><span style=\"color: #138ccd;\"><strong>4 \u00b7 CONTENUTI WEB.<\/strong><\/span><\/h3><p>La lingua utilizzata dal proprietario sul sito web sar\u00e0 lo spagnolo. Argarot Health Assistance SL non \u00e8 responsabile della mancata comprensione o interpretazione da parte dell&#039;utente del linguaggio del sito web, n\u00e9 delle relative conseguenze.<br \/>Asistencia Sanitaria Argarot SL potr\u00e0 modificare i contenuti senza preavviso, nonch\u00e9 eliminarli e modificarli all&#039;interno del sito web, cos\u00ec come le modalit\u00e0 di accesso agli stessi, senza giustificazione e liberamente, e non sar\u00e0 responsabile delle conseguenze che ci\u00f2 possa causare agli utenti.<br \/>\u00c8 vietato l&#039;uso del contenuto del sito web per promuovere, contrarre o diffondere pubblicit\u00e0 o informazioni, proprie o di terzi, senza l&#039;autorizzazione di Asistencia Sanitaria Argarot SL. \u00c8 inoltre vietato l&#039;uso del contenuto del sito web, cos\u00ec come l&#039;invio di pubblicit\u00e0 o informazioni utilizzando i servizi o le informazioni messe a disposizione degli utenti, indipendentemente dal fatto che l&#039;uso sia gratuito o meno.<br \/>Tutti i link o collegamenti ipertestuali incorporati da terzi nelle proprie pagine web, diretti a questo sito web, saranno destinati all&#039;apertura della pagina web completa e non potranno esprimere, direttamente o indirettamente, informazioni false, inesatte o confuse, n\u00e9 incorrere in azioni ingiuste o illegali nei confronti di Asistencia Sanitaria Argarot SL.<\/p><h3><span style=\"color: #138ccd;\"><strong>5 \u00b7 LIMITAZIONE DI RESPONSABILIT\u00c0.<\/strong><\/span><\/h3><p>Sia l&#039;accesso al sito web che ogni uso non autorizzato delle informazioni in esso contenute sono di esclusiva responsabilit\u00e0 della persona che vi accede. Argarot Health Assistance SL non sar\u00e0 responsabile per eventuali conseguenze, danni o perdite che possano derivare da tale accesso o utilizzo. Asistencia Sanitaria Argarot SL non \u00e8 responsabile di eventuali errori di sicurezza che potrebbero verificarsi o di eventuali danni che potrebbero essere causati al sistema informatico dell&#039;utente (hardware e software), o ai file o documenti in esso memorizzati, come conseguenza di:<br \/>\u2013 la presenza di un virus sul computer dell\u2019utente che viene utilizzato per connettersi ai servizi e ai contenuti del sito web,<br \/>\u2013 un malfunzionamento del browser,<br \/>\u2013 e\/o l\u2019utilizzo di versioni non aggiornate delle stesse.<br \/>Argarot Health Assistance SL non \u00e8 responsabile dell&#039;affidabilit\u00e0 e della velocit\u00e0 dei collegamenti ipertestuali incorporati nel sito web per aprire altri siti web. Asistencia Sanitaria Argarot SL non garantisce l&#039;utilit\u00e0 di tali link, n\u00e9 \u00e8 responsabile dei contenuti o dei servizi a cui l&#039;utente pu\u00f2 accedere tramite tali link, n\u00e9 del corretto funzionamento di tali siti web.<br \/>Asistencia Sanitaria Argarot SL non sar\u00e0 responsabile di eventuali virus o altri programmi informatici che danneggino o possano danneggiare i sistemi informatici o le apparecchiature degli utenti durante l&#039;accesso al suo sito web o ad altri siti web accessibili tramite link presenti su questo sito web.<\/p><h3><span style=\"color: #138ccd;\"><strong>6 \u00b7 UTILIZZO DELLA TECNOLOGIA \u201cCOOKIE\u201d.<\/strong><\/span><\/h3><p>Il sito web non utilizza cookie o altri processi invisibili per raccogliere informazioni durante la navigazione degli utenti, rispettando in ogni momento la loro riservatezza e privacy.<br \/>*SE SI UTILIZZANO COOKIE, CONSULTARE L&#039;INFORMATIVA SULL&#039;USO DEI COOKIE. Il sito web utilizza cookie; puoi consultare la nostra Politica sui cookie, che rispetta in ogni momento la tua riservatezza e la tua privacy.<\/p><h3><span style=\"color: #138ccd;\"><strong>7 \u00b7 PROPRIET\u00c0 INTELLETTUALE E INDUSTRIALE.<\/strong><\/span><\/h3><p>Asistencia Sanitaria Argarot SL \u00e8 titolare di tutti i diritti di propriet\u00e0 industriale e intellettuale del sito web, nonch\u00e9 dei contenuti in esso presenti. Qualsiasi utilizzo del sito web o dei suoi contenuti deve essere esclusivamente per scopi privati. Qualsiasi altro utilizzo che implichi la copia, la riproduzione, la distribuzione, la trasformazione, la comunicazione pubblica o qualsiasi altra azione simile di tutto o parte del contenuto del sito web \u00e8 riservato esclusivamente ad Asistencia Sanitaria Argarot SL, e pertanto nessun utente potr\u00e0 realizzare tali azioni senza la previa autorizzazione scritta di Asistencia Sanitaria Argarot SL.<\/p><h3><span style=\"color: #138ccd;\"><strong>8 \u00b7 INFORMATIVA SULLA PRIVACY E SULLA PROTEZIONE DEI DATI<\/strong><\/span><\/h3><p>Argarot Healthcare SL garantisce la protezione e la riservatezza di tutti i dati personali forniti dalle aziende nostre clienti, in conformit\u00e0 con quanto disposto dalla Legge Organica 15\/1999 del 13 dicembre sulla Protezione dei Dati Personali.<br \/>Tutti i dati forniti dalle aziende nostre clienti ad Asistencia Sanitaria Argarot SL o al suo personale saranno inseriti in un archivio automatizzato di dati personali creato e gestito sotto la responsabilit\u00e0 di Asistencia Sanitaria Argarot SL, essenziale per fornire i servizi richiesti dagli utenti.<br \/>I dati forniti saranno trattati in conformit\u00e0 con il Regolamento sulle Misure di Sicurezza (Regio Decreto 1720\/2007 del 21 dicembre). A tale riguardo, Asistencia Sanitaria Argarot SL ha adottato i livelli di protezione richiesti dalla legge e ha installato tutte le misure tecniche a sua disposizione per evitare perdite, abusi, alterazioni e accessi non autorizzati da parte di terzi. Tuttavia, gli utenti devono essere consapevoli che le misure di sicurezza di Internet non sono inespugnabili. Se ritieni opportuno trasferire i tuoi dati personali ad altre entit\u00e0, ti verranno comunicati i dati trasferiti, lo scopo del file, nonch\u00e9 il nome e l&#039;indirizzo del cessionario, in modo che tu possa prestare il tuo inequivocabile consenso.<br \/>In conformit\u00e0 con quanto previsto dal GDPR, l&#039;utente potr\u00e0 esercitare i diritti di accesso, rettifica, cancellazione e opposizione. Per farlo, contattaci a info@goodservice.es<\/p><h3><span style=\"color: #138ccd;\"><strong>9 \u00b7 LEGISLAZIONE APPLICABILE E GIURISDIZIONE COMPETENTE.<\/strong><\/span><\/h3><p>Il presente Avviso Legale sar\u00e0 interpretato e disciplinato in conformit\u00e0 con la legge spagnola. Argarot Health Assistance SL e gli utenti, rinunciando espressamente a qualsiasi altra giurisdizione che possa applicarsi, si sottopongono alla giurisdizione dei tribunali del domicilio dell&#039;utente per qualsiasi controversia che possa sorgere dall&#039;accesso o dall&#039;uso del sito web. Nel caso in cui l&#039;utente sia domiciliato fuori dalla Spagna, Asistencia Sanitaria Argarot SL e l&#039;utente, rinunciando espressamente a qualsiasi altra giurisdizione, si sottopongono ai tribunali del domicilio di Asistencia Sanitaria Argarot SL.<\/p>\t\t\t\t\t\t\t\t<\/div>\n\t\t\t\t<\/div>\n\t\t\t\t\t<\/div>\n\t\t<\/div>\n\t\t\t\t\t<\/div>\n\t\t<\/section>\n\t\t\t\t<\/div>","protected":false},"excerpt":{"rendered":"<p>Note Legali Le presenti Note Legali regolano le condizioni generali di accesso e utilizzo del sito web accessibile all&#039;URL https:\/\/goodservice.es\/ (di seguito, il sito web), che Asistencia Sanitaria Argarot SL mette a disposizione degli utenti di Internet. L&#039;utilizzo del sito web implica la piena e incondizionata accettazione di tutte le presenti condizioni e [\u2026]<\/p>","protected":false},"author":1,"featured_media":0,"parent":0,"menu_order":0,"comment_status":"closed","ping_status":"closed","template":"","meta":{"inline_featured_image":false,"footnotes":""},"class_list":["post-688","page","type-page","status-publish","hentry"],"yoast_head":"<!-- This site is optimized with the Yoast SEO plugin v24.7 - https:\/\/yoast.com\/wordpress\/plugins\/seo\/ -->\n<title>Aviso Legal - Good Service<\/title>\n<meta name=\"robots\" content=\"index, follow, max-snippet:-1, max-image-preview:large, max-video-preview:-1\" \/>\n<link rel=\"canonical\" href=\"https:\/\/goodservice.es\/it\/avviso-legale\/\" \/>\n<meta property=\"og:locale\" content=\"it_IT\" \/>\n<meta property=\"og:type\" content=\"article\" \/>\n<meta property=\"og:title\" content=\"Aviso Legal - Good Service\" \/>\n<meta property=\"og:description\" content=\"Aviso Legal El presente Aviso Legal regula las condiciones generales de acceso y utilizaci\u00f3n del sitio web accesible en la direcci\u00f3n URL https:\/\/goodservice.es\/ (en adelante, el sitio web), que Asistencia Sanitaria Argarot S.L. pone a disposici\u00f3n de los usuarios de Internet.La utilizaci\u00f3n del sitio web implica la aceptaci\u00f3n plena y sin reservas de todas y [&hellip;]\" \/>\n<meta property=\"og:url\" content=\"https:\/\/goodservice.es\/it\/avviso-legale\/\" \/>\n<meta property=\"og:site_name\" content=\"Good Service\" \/>\n<meta property=\"article:modified_time\" content=\"2024-12-20T09:13:16+00:00\" \/>\n<meta name=\"twitter:card\" content=\"summary_large_image\" \/>\n<meta name=\"twitter:label1\" content=\"Tempo di lettura stimato\" \/>\n\t<meta name=\"twitter:data1\" content=\"6 minuti\" \/>\n<script type=\"application\/ld+json\" class=\"yoast-schema-graph\">{\"@context\":\"https:\/\/schema.org\",\"@graph\":[{\"@type\":\"WebPage\",\"@id\":\"https:\/\/goodservice.es\/aviso-legal\/\",\"url\":\"https:\/\/goodservice.es\/aviso-legal\/\",\"name\":\"Aviso Legal - Good Service\",\"isPartOf\":{\"@id\":\"https:\/\/goodservice.es\/#website\"},\"datePublished\":\"2023-02-20T12:21:29+00:00\",\"dateModified\":\"2024-12-20T09:13:16+00:00\",\"inLanguage\":\"it-IT\",\"potentialAction\":[{\"@type\":\"ReadAction\",\"target\":[\"https:\/\/goodservice.es\/aviso-legal\/\"]}]},{\"@type\":\"WebSite\",\"@id\":\"https:\/\/goodservice.es\/#website\",\"url\":\"https:\/\/goodservice.es\/\",\"name\":\"Good Service\",\"description\":\"Tarjeta Sanitaria\",\"publisher\":{\"@id\":\"https:\/\/goodservice.es\/#organization\"},\"potentialAction\":[{\"@type\":\"SearchAction\",\"target\":{\"@type\":\"EntryPoint\",\"urlTemplate\":\"https:\/\/goodservice.es\/?s={search_term_string}\"},\"query-input\":{\"@type\":\"PropertyValueSpecification\",\"valueRequired\":true,\"valueName\":\"search_term_string\"}}],\"inLanguage\":\"it-IT\"},{\"@type\":\"Organization\",\"@id\":\"https:\/\/goodservice.es\/#organization\",\"name\":\"Good Service\",\"url\":\"https:\/\/goodservice.es\/\",\"logo\":{\"@type\":\"ImageObject\",\"inLanguage\":\"it-IT\",\"@id\":\"https:\/\/goodservice.es\/#\/schema\/logo\/image\/\",\"url\":\"https:\/\/goodservice.es\/wp-content\/uploads\/2022\/11\/logo.svg\",\"contentUrl\":\"https:\/\/goodservice.es\/wp-content\/uploads\/2022\/11\/logo.svg\",\"width\":208,\"height\":108,\"caption\":\"Good Service\"},\"image\":{\"@id\":\"https:\/\/goodservice.es\/#\/schema\/logo\/image\/\"}}]}<\/script>\n<!-- \/ Yoast SEO plugin. -->","yoast_head_json":{"title":"Aviso Legal - Good Service","robots":{"index":"index","follow":"follow","max-snippet":"max-snippet:-1","max-image-preview":"max-image-preview:large","max-video-preview":"max-video-preview:-1"},"canonical":"https:\/\/goodservice.es\/it\/avviso-legale\/","og_locale":"it_IT","og_type":"article","og_title":"Aviso Legal - Good Service","og_description":"Aviso Legal El presente Aviso Legal regula las condiciones generales de acceso y utilizaci\u00f3n del sitio web accesible en la direcci\u00f3n URL https:\/\/goodservice.es\/ (en adelante, el sitio web), que Asistencia Sanitaria Argarot S.L. pone a disposici\u00f3n de los usuarios de Internet.La utilizaci\u00f3n del sitio web implica la aceptaci\u00f3n plena y sin reservas de todas y [&hellip;]","og_url":"https:\/\/goodservice.es\/it\/avviso-legale\/","og_site_name":"Good Service","article_modified_time":"2024-12-20T09:13:16+00:00","twitter_card":"summary_large_image","twitter_misc":{"Tempo di lettura stimato":"6 minuti"},"schema":{"@context":"https:\/\/schema.org","@graph":[{"@type":"WebPage","@id":"https:\/\/goodservice.es\/aviso-legal\/","url":"https:\/\/goodservice.es\/aviso-legal\/","name":"Aviso Legal - Good Service","isPartOf":{"@id":"https:\/\/goodservice.es\/#website"},"datePublished":"2023-02-20T12:21:29+00:00","dateModified":"2024-12-20T09:13:16+00:00","inLanguage":"it-IT","potentialAction":[{"@type":"ReadAction","target":["https:\/\/goodservice.es\/aviso-legal\/"]}]},{"@type":"WebSite","@id":"https:\/\/goodservice.es\/#website","url":"https:\/\/goodservice.es\/","name":"Good Service","description":"Tarjeta Sanitaria","publisher":{"@id":"https:\/\/goodservice.es\/#organization"},"potentialAction":[{"@type":"SearchAction","target":{"@type":"EntryPoint","urlTemplate":"https:\/\/goodservice.es\/?s={search_term_string}"},"query-input":{"@type":"PropertyValueSpecification","valueRequired":true,"valueName":"search_term_string"}}],"inLanguage":"it-IT"},{"@type":"Organization","@id":"https:\/\/goodservice.es\/#organization","name":"Good Service","url":"https:\/\/goodservice.es\/","logo":{"@type":"ImageObject","inLanguage":"it-IT","@id":"https:\/\/goodservice.es\/#\/schema\/logo\/image\/","url":"https:\/\/goodservice.es\/wp-content\/uploads\/2022\/11\/logo.svg","contentUrl":"https:\/\/goodservice.es\/wp-content\/uploads\/2022\/11\/logo.svg","width":208,"height":108,"caption":"Good Service"},"image":{"@id":"https:\/\/goodservice.es\/#\/schema\/logo\/image\/"}}]}},"_links":{"self":[{"href":"https:\/\/goodservice.es\/it\/wp-json\/wp\/v2\/pages\/688","targetHints":{"allow":["GET"]}}],"collection":[{"href":"https:\/\/goodservice.es\/it\/wp-json\/wp\/v2\/pages"}],"about":[{"href":"https:\/\/goodservice.es\/it\/wp-json\/wp\/v2\/types\/page"}],"author":[{"embeddable":true,"href":"https:\/\/goodservice.es\/it\/wp-json\/wp\/v2\/users\/1"}],"replies":[{"embeddable":true,"href":"https:\/\/goodservice.es\/it\/wp-json\/wp\/v2\/comments?post=688"}],"version-history":[{"count":19,"href":"https:\/\/goodservice.es\/it\/wp-json\/wp\/v2\/pages\/688\/revisions"}],"predecessor-version":[{"id":876,"href":"https:\/\/goodservice.es\/it\/wp-json\/wp\/v2\/pages\/688\/revisions\/876"}],"wp:attachment":[{"href":"https:\/\/goodservice.es\/it\/wp-json\/wp\/v2\/media?parent=688"}],"curies":[{"name":"wp","href":"https:\/\/api.w.org\/{rel}","templated":true}]}}