{"id":2,"date":"2022-11-02T13:30:07","date_gmt":"2022-11-02T13:30:07","guid":{"rendered":"http:\/\/goodservice.es\/?page_id=2"},"modified":"2022-11-02T13:30:07","modified_gmt":"2022-11-02T13:30:07","slug":"pagina-ejemplo","status":"publish","type":"page","link":"https:\/\/goodservice.es\/pt\/pagina-de-exemplo\/","title":{"rendered":"P\u00e1gina de amostra"},"content":{"rendered":"<p>Esta \u00e9 uma p\u00e1gina de exemplo. Ela \u00e9 diferente de uma postagem de blog porque permanecer\u00e1 em um \u00fanico lugar e aparecer\u00e1 na navega\u00e7\u00e3o do seu site (na maioria dos temas). A maioria das pessoas come\u00e7a com uma p\u00e1gina &quot;Sobre&quot; que as apresenta aos visitantes em potencial do site. Voc\u00ea poderia escrever algo como:<\/p>\n\n\n\n<blockquote class=\"wp-block-quote is-layout-flow wp-block-quote-is-layout-flow\"><p>Bem-vindo(a)! Sou gar\u00e7om durante o dia, aspirante a ator \u00e0 noite, e este \u00e9 o meu site. Moro em Mairena del Alcor, tenho um cachorro chamado Firulais e gosto de rebujito (e de longas tardes com caf\u00e9).<\/p><\/blockquote>\n\n\n\n<p>\u2026ou algo parecido:<\/p>\n\n\n\n<blockquote class=\"wp-block-quote is-layout-flow wp-block-quote-is-layout-flow\"><p>A empresa &quot;Mariscos Recio&quot; foi fundada por Antonio Recio Mata. Come\u00e7ou como um pequeno neg\u00f3cio de fornecimento de frutos do mar para hot\u00e9is e restaurantes, mas gradualmente se transformou em um grande imp\u00e9rio. Mariscos Recio: os melhores frutos do mar pelo melhor pre\u00e7o.<\/p><\/blockquote>\n\n\n\n<p>Como novo usu\u00e1rio do WordPress, voc\u00ea deve acessar <a href=\"http:\/\/goodservice.es\/wp-admin\/\">sua mesa<\/a> Para excluir esta p\u00e1gina e criar novas p\u00e1ginas para o seu conte\u00fado, clique aqui. Divirta-se!<\/p>","protected":false},"excerpt":{"rendered":"<p>Esta \u00e9 uma p\u00e1gina de exemplo. \u00c9 diferente de uma postagem de blog porque ela permanecer\u00e1 em um lugar e aparecer\u00e1 na navega\u00e7\u00e3o do seu site (na maioria dos temas). A maioria das pessoas come\u00e7a com uma p\u00e1gina \u201cSobre\u201d que as apresenta aos potenciais visitantes do site. Poder\u00edamos dizer [\u2026]<\/p>","protected":false},"author":1,"featured_media":0,"parent":0,"menu_order":0,"comment_status":"closed","ping_status":"open","template":"","meta":{"inline_featured_image":false,"footnotes":""},"class_list":["post-2","page","type-page","status-publish","hentry"],"yoast_head":"<!-- This site is optimized with the Yoast SEO plugin v24.7 - https:\/\/yoast.com\/wordpress\/plugins\/seo\/ -->\n<title>P\u00e1gina de ejemplo - Good Service<\/title>\n<meta name=\"robots\" content=\"index, follow, max-snippet:-1, max-image-preview:large, max-video-preview:-1\" \/>\n<link rel=\"canonical\" href=\"https:\/\/goodservice.es\/pt\/pagina-de-exemplo\/\" \/>\n<meta property=\"og:locale\" content=\"pt_PT\" \/>\n<meta property=\"og:type\" content=\"article\" \/>\n<meta property=\"og:title\" content=\"P\u00e1gina de ejemplo - Good Service\" \/>\n<meta property=\"og:description\" content=\"Esta es una p\u00e1gina de ejemplo. Es diferente a una entrada del blog porque permanecer\u00e1 en un solo lugar y aparecer\u00e1 en la navegaci\u00f3n de tu sitio (en la mayor\u00eda de los temas). La mayor\u00eda de las personas comienzan con una p\u00e1gina \u00abAcerca de\u00bb que les presenta a los visitantes potenciales del sitio. Podr\u00edas decir [&hellip;]\" \/>\n<meta property=\"og:url\" content=\"https:\/\/goodservice.es\/pt\/pagina-de-exemplo\/\" \/>\n<meta property=\"og:site_name\" content=\"Good Service\" \/>\n<meta name=\"twitter:card\" content=\"summary_large_image\" \/>\n<meta name=\"twitter:label1\" content=\"Tempo estimado de leitura\" \/>\n\t<meta name=\"twitter:data1\" content=\"1 minuto\" \/>\n<script type=\"application\/ld+json\" class=\"yoast-schema-graph\">{\"@context\":\"https:\/\/schema.org\",\"@graph\":[{\"@type\":\"WebPage\",\"@id\":\"https:\/\/goodservice.es\/pagina-ejemplo\/\",\"url\":\"https:\/\/goodservice.es\/pagina-ejemplo\/\",\"name\":\"P\u00e1gina de ejemplo - Good Service\",\"isPartOf\":{\"@id\":\"https:\/\/goodservice.es\/#website\"},\"datePublished\":\"2022-11-02T13:30:07+00:00\",\"inLanguage\":\"pt-PT\",\"potentialAction\":[{\"@type\":\"ReadAction\",\"target\":[\"https:\/\/goodservice.es\/pagina-ejemplo\/\"]}]},{\"@type\":\"WebSite\",\"@id\":\"https:\/\/goodservice.es\/#website\",\"url\":\"https:\/\/goodservice.es\/\",\"name\":\"Good Service\",\"description\":\"Tarjeta Sanitaria\",\"publisher\":{\"@id\":\"https:\/\/goodservice.es\/#organization\"},\"potentialAction\":[{\"@type\":\"SearchAction\",\"target\":{\"@type\":\"EntryPoint\",\"urlTemplate\":\"https:\/\/goodservice.es\/?s={search_term_string}\"},\"query-input\":{\"@type\":\"PropertyValueSpecification\",\"valueRequired\":true,\"valueName\":\"search_term_string\"}}],\"inLanguage\":\"pt-PT\"},{\"@type\":\"Organization\",\"@id\":\"https:\/\/goodservice.es\/#organization\",\"name\":\"Good Service\",\"url\":\"https:\/\/goodservice.es\/\",\"logo\":{\"@type\":\"ImageObject\",\"inLanguage\":\"pt-PT\",\"@id\":\"https:\/\/goodservice.es\/#\/schema\/logo\/image\/\",\"url\":\"https:\/\/goodservice.es\/wp-content\/uploads\/2022\/11\/logo.svg\",\"contentUrl\":\"https:\/\/goodservice.es\/wp-content\/uploads\/2022\/11\/logo.svg\",\"width\":208,\"height\":108,\"caption\":\"Good Service\"},\"image\":{\"@id\":\"https:\/\/goodservice.es\/#\/schema\/logo\/image\/\"}}]}<\/script>\n<!-- \/ Yoast SEO plugin. -->","yoast_head_json":{"title":"P\u00e1gina de ejemplo - Good Service","robots":{"index":"index","follow":"follow","max-snippet":"max-snippet:-1","max-image-preview":"max-image-preview:large","max-video-preview":"max-video-preview:-1"},"canonical":"https:\/\/goodservice.es\/pt\/pagina-de-exemplo\/","og_locale":"pt_PT","og_type":"article","og_title":"P\u00e1gina de ejemplo - Good Service","og_description":"Esta es una p\u00e1gina de ejemplo. Es diferente a una entrada del blog porque permanecer\u00e1 en un solo lugar y aparecer\u00e1 en la navegaci\u00f3n de tu sitio (en la mayor\u00eda de los temas). La mayor\u00eda de las personas comienzan con una p\u00e1gina \u00abAcerca de\u00bb que les presenta a los visitantes potenciales del sitio. Podr\u00edas decir [&hellip;]","og_url":"https:\/\/goodservice.es\/pt\/pagina-de-exemplo\/","og_site_name":"Good Service","twitter_card":"summary_large_image","twitter_misc":{"Tempo estimado de leitura":"1 minuto"},"schema":{"@context":"https:\/\/schema.org","@graph":[{"@type":"WebPage","@id":"https:\/\/goodservice.es\/pagina-ejemplo\/","url":"https:\/\/goodservice.es\/pagina-ejemplo\/","name":"P\u00e1gina de ejemplo - Good Service","isPartOf":{"@id":"https:\/\/goodservice.es\/#website"},"datePublished":"2022-11-02T13:30:07+00:00","inLanguage":"pt-PT","potentialAction":[{"@type":"ReadAction","target":["https:\/\/goodservice.es\/pagina-ejemplo\/"]}]},{"@type":"WebSite","@id":"https:\/\/goodservice.es\/#website","url":"https:\/\/goodservice.es\/","name":"Good Service","description":"Tarjeta Sanitaria","publisher":{"@id":"https:\/\/goodservice.es\/#organization"},"potentialAction":[{"@type":"SearchAction","target":{"@type":"EntryPoint","urlTemplate":"https:\/\/goodservice.es\/?s={search_term_string}"},"query-input":{"@type":"PropertyValueSpecification","valueRequired":true,"valueName":"search_term_string"}}],"inLanguage":"pt-PT"},{"@type":"Organization","@id":"https:\/\/goodservice.es\/#organization","name":"Good Service","url":"https:\/\/goodservice.es\/","logo":{"@type":"ImageObject","inLanguage":"pt-PT","@id":"https:\/\/goodservice.es\/#\/schema\/logo\/image\/","url":"https:\/\/goodservice.es\/wp-content\/uploads\/2022\/11\/logo.svg","contentUrl":"https:\/\/goodservice.es\/wp-content\/uploads\/2022\/11\/logo.svg","width":208,"height":108,"caption":"Good Service"},"image":{"@id":"https:\/\/goodservice.es\/#\/schema\/logo\/image\/"}}]}},"_links":{"self":[{"href":"https:\/\/goodservice.es\/pt\/wp-json\/wp\/v2\/pages\/2","targetHints":{"allow":["GET"]}}],"collection":[{"href":"https:\/\/goodservice.es\/pt\/wp-json\/wp\/v2\/pages"}],"about":[{"href":"https:\/\/goodservice.es\/pt\/wp-json\/wp\/v2\/types\/page"}],"author":[{"embeddable":true,"href":"https:\/\/goodservice.es\/pt\/wp-json\/wp\/v2\/users\/1"}],"replies":[{"embeddable":true,"href":"https:\/\/goodservice.es\/pt\/wp-json\/wp\/v2\/comments?post=2"}],"version-history":[{"count":0,"href":"https:\/\/goodservice.es\/pt\/wp-json\/wp\/v2\/pages\/2\/revisions"}],"wp:attachment":[{"href":"https:\/\/goodservice.es\/pt\/wp-json\/wp\/v2\/media?parent=2"}],"curies":[{"name":"wp","href":"https:\/\/api.w.org\/{rel}","templated":true}]}}