{"id":542,"date":"2023-02-17T13:39:16","date_gmt":"2023-02-17T13:39:16","guid":{"rendered":"https:\/\/goodservice.es\/quienes-somos-copy\/"},"modified":"2023-02-20T10:22:15","modified_gmt":"2023-02-20T10:22:15","slug":"especialidades","status":"publish","type":"page","link":"https:\/\/goodservice.es\/pt\/especialidades\/","title":{"rendered":"Especialidades"},"content":{"rendered":"<div data-elementor-type=\"wp-page\" data-elementor-id=\"542\" class=\"elementor elementor-542\" data-elementor-post-type=\"page\">\n\t\t\t\t\t\t<section class=\"elementor-section elementor-top-section elementor-element elementor-element-587a446 elementor-section-content-top elementor-reverse-tablet elementor-reverse-mobile elementor-section-boxed elementor-section-height-default elementor-section-height-default\" data-id=\"587a446\" data-element_type=\"section\" data-settings=\"{&quot;background_background&quot;:&quot;classic&quot;}\">\n\t\t\t\t\t\t\t<div class=\"elementor-background-overlay\"><\/div>\n\t\t\t\t\t\t\t<div class=\"elementor-container elementor-column-gap-default\">\n\t\t\t\t\t<div class=\"elementor-column elementor-col-50 elementor-top-column elementor-element elementor-element-68e0353\" data-id=\"68e0353\" data-element_type=\"column\" data-settings=\"{&quot;background_background&quot;:&quot;classic&quot;}\">\n\t\t\t<div class=\"elementor-widget-wrap elementor-element-populated\">\n\t\t\t\t\t\t<div class=\"elementor-element elementor-element-a17a381 elementor-widget elementor-widget-heading\" data-id=\"a17a381\" data-element_type=\"widget\" data-widget_type=\"heading.default\">\n\t\t\t\t<div class=\"elementor-widget-container\">\n\t\t\t\t\t<h2 class=\"elementor-heading-title elementor-size-default\">Especialidades<\/h2>\t\t\t\t<\/div>\n\t\t\t\t<\/div>\n\t\t\t\t<div class=\"elementor-element elementor-element-de9b858 elementor-widget-divider--view-line elementor-widget elementor-widget-divider\" data-id=\"de9b858\" data-element_type=\"widget\" data-widget_type=\"divider.default\">\n\t\t\t\t<div class=\"elementor-widget-container\">\n\t\t\t\t\t\t\t<div class=\"elementor-divider\">\n\t\t\t<span class=\"elementor-divider-separator\">\n\t\t\t\t\t\t<\/span>\n\t\t<\/div>\n\t\t\t\t\t\t<\/div>\n\t\t\t\t<\/div>\n\t\t\t\t<div class=\"elementor-element elementor-element-b3ae87c elementor-widget elementor-widget-text-editor\" data-id=\"b3ae87c\" data-element_type=\"widget\" data-widget_type=\"text-editor.default\">\n\t\t\t\t<div class=\"elementor-widget-container\">\n\t\t\t\t\t\t\t\t\t<p>Alergologia<br \/>Sistema digestivo<br \/>Cardiologia<br \/>Cirurgia cardiovascular<br \/>Cirurgia geral<br \/>Cirurgia pedi\u00e1trica <br \/>Cirurgia pl\u00e1stica e reconstrutiva<br \/>Cirurgia vascular e angiologia<br \/>Endocrinologia<br \/>Nutri\u00e7\u00e3o e diet\u00e9tica<br \/>DEVIDO (Enfermagem)<br \/>Osteopatia e Fisioterapia<br \/>Hematologia e Hemoterapia<br \/>Medicina interna<br \/>Pneumologia<br \/>Neurocirurgia<br \/>Neurofisiologia<br \/>Geriatria<br \/>Psiquiatria<br \/>Oncologia<br \/>Odontologia <br \/>Oftalmologia<br \/>Dermatologia<br \/>Maxilofacial<br \/>Otorrinolaringologia<br \/>Pediatria e puericultura<br \/>Radiologia convencional<br \/>Radiologia Avan\u00e7ada<br \/>Reabilita\u00e7\u00e3o<br \/>Ginecologia e Obstetr\u00edcia<br \/>Matrona<br \/>Medicina geral <br \/>Medicina de fam\u00edlia<br \/>Traumatologia<br \/>Quiropodia<br \/>Psicologia<br \/>Urologia<br \/>Emerg\u00eancias<\/p>\t\t\t\t\t\t\t\t<\/div>\n\t\t\t\t<\/div>\n\t\t\t\t<div class=\"elementor-element elementor-element-681a92a elementor-widget elementor-widget-heading\" data-id=\"681a92a\" data-element_type=\"widget\" data-widget_type=\"heading.default\">\n\t\t\t\t<div class=\"elementor-widget-container\">\n\t\t\t\t\t<div class=\"elementor-heading-title elementor-size-default\">Na Good Service, cuidamos de tudo para que voc\u00ea n\u00e3o precise se preocupar com nada.<\/div>\t\t\t\t<\/div>\n\t\t\t\t<\/div>\n\t\t\t\t\t<\/div>\n\t\t<\/div>\n\t\t\t\t<div class=\"elementor-column elementor-col-50 elementor-top-column elementor-element elementor-element-5788e3a\" data-id=\"5788e3a\" data-element_type=\"column\" data-settings=\"{&quot;background_background&quot;:&quot;classic&quot;}\">\n\t\t\t<div class=\"elementor-widget-wrap elementor-element-populated\">\n\t\t\t\t\t\t<div class=\"elementor-element elementor-element-bfbc25c elementor-widget elementor-widget-image\" data-id=\"bfbc25c\" data-element_type=\"widget\" data-widget_type=\"image.default\">\n\t\t\t\t<div class=\"elementor-widget-container\">\n\t\t\t\t\t\t\t\t\t\t\t\t\t\t\t<img fetchpriority=\"high\" decoding=\"async\" width=\"800\" height=\"800\" src=\"https:\/\/goodservice.es\/wp-content\/uploads\/2023\/02\/familia.svg\" class=\"attachment-large size-large wp-image-544\" alt=\"Fam\u00edlia\" \/>\t\t\t\t\t\t\t\t\t\t\t\t\t\t\t<\/div>\n\t\t\t\t<\/div>\n\t\t\t\t<section class=\"elementor-section elementor-inner-section elementor-element elementor-element-e5ef9c5 elementor-section-content-middle tar-san elementor-hidden-tablet elementor-hidden-mobile elementor-section-boxed elementor-section-height-default elementor-section-height-default\" data-id=\"e5ef9c5\" data-element_type=\"section\" data-settings=\"{&quot;background_background&quot;:&quot;classic&quot;}\">\n\t\t\t\t\t\t<div class=\"elementor-container elementor-column-gap-no\">\n\t\t\t\t\t<div class=\"elementor-column elementor-col-50 elementor-inner-column elementor-element elementor-element-2f6052f\" data-id=\"2f6052f\" data-element_type=\"column\">\n\t\t\t<div class=\"elementor-widget-wrap elementor-element-populated\">\n\t\t\t\t\t\t<div class=\"elementor-element elementor-element-7a5f5e3 elementor-view-default elementor-widget elementor-widget-icon\" data-id=\"7a5f5e3\" data-element_type=\"widget\" data-widget_type=\"icon.default\">\n\t\t\t\t<div class=\"elementor-widget-container\">\n\t\t\t\t\t\t\t<div class=\"elementor-icon-wrapper\">\n\t\t\t<a class=\"elementor-icon\" href=\"\/pt\/saude\/\">\n\t\t\t<i aria-hidden=\"true\" class=\"jki jki-id-card\"><\/i>\t\t\t<\/a>\n\t\t<\/div>\n\t\t\t\t\t\t<\/div>\n\t\t\t\t<\/div>\n\t\t\t\t\t<\/div>\n\t\t<\/div>\n\t\t\t\t<div class=\"elementor-column elementor-col-50 elementor-inner-column elementor-element elementor-element-c794bf3\" data-id=\"c794bf3\" data-element_type=\"column\">\n\t\t\t<div class=\"elementor-widget-wrap elementor-element-populated\">\n\t\t\t\t\t\t<div class=\"elementor-element elementor-element-3348205 elementor-widget__width-auto elementor-widget elementor-widget-heading\" data-id=\"3348205\" data-element_type=\"widget\" data-widget_type=\"heading.default\">\n\t\t\t\t<div class=\"elementor-widget-container\">\n\t\t\t\t\t<h2 class=\"elementor-heading-title elementor-size-default\"><a href=\"\/pt\/saude\/\">Cart\u00e3o de Sa\u00fade<\/a><\/h2>\t\t\t\t<\/div>\n\t\t\t\t<\/div>\n\t\t\t\t<div class=\"elementor-element elementor-element-12829fb elementor-widget__width-auto elementor-absolute elementor-widget-divider--view-line elementor-widget elementor-widget-divider\" data-id=\"12829fb\" data-element_type=\"widget\" data-settings=\"{&quot;_position&quot;:&quot;absolute&quot;}\" data-widget_type=\"divider.default\">\n\t\t\t\t<div class=\"elementor-widget-container\">\n\t\t\t\t\t\t\t<div class=\"elementor-divider\">\n\t\t\t<span class=\"elementor-divider-separator\">\n\t\t\t\t\t\t<\/span>\n\t\t<\/div>\n\t\t\t\t\t\t<\/div>\n\t\t\t\t<\/div>\n\t\t\t\t\t<\/div>\n\t\t<\/div>\n\t\t\t\t\t<\/div>\n\t\t<\/section>\n\t\t\t\t<section class=\"elementor-section elementor-inner-section elementor-element elementor-element-c58fe6d elementor-section-content-middle seg-dec elementor-hidden-tablet elementor-hidden-mobile elementor-section-boxed elementor-section-height-default elementor-section-height-default\" data-id=\"c58fe6d\" data-element_type=\"section\" data-settings=\"{&quot;background_background&quot;:&quot;classic&quot;}\">\n\t\t\t\t\t\t<div class=\"elementor-container elementor-column-gap-no\">\n\t\t\t\t\t<div class=\"elementor-column elementor-col-50 elementor-inner-column elementor-element elementor-element-84e4e84\" data-id=\"84e4e84\" data-element_type=\"column\">\n\t\t\t<div class=\"elementor-widget-wrap elementor-element-populated\">\n\t\t\t\t\t\t<div class=\"elementor-element elementor-element-68c8fce elementor-view-default elementor-widget elementor-widget-icon\" data-id=\"68c8fce\" data-element_type=\"widget\" data-widget_type=\"icon.default\">\n\t\t\t\t<div class=\"elementor-widget-container\">\n\t\t\t\t\t\t\t<div class=\"elementor-icon-wrapper\">\n\t\t\t<a class=\"elementor-icon\" href=\"\/pt\/mortes\/\">\n\t\t\t<i aria-hidden=\"true\" class=\"jki jki-university-solid\"><\/i>\t\t\t<\/a>\n\t\t<\/div>\n\t\t\t\t\t\t<\/div>\n\t\t\t\t<\/div>\n\t\t\t\t\t<\/div>\n\t\t<\/div>\n\t\t\t\t<div class=\"elementor-column elementor-col-50 elementor-inner-column elementor-element elementor-element-0e533dd\" data-id=\"0e533dd\" data-element_type=\"column\">\n\t\t\t<div class=\"elementor-widget-wrap elementor-element-populated\">\n\t\t\t\t\t\t<div class=\"elementor-element elementor-element-37428df elementor-widget__width-auto elementor-widget elementor-widget-heading\" data-id=\"37428df\" data-element_type=\"widget\" data-widget_type=\"heading.default\">\n\t\t\t\t<div class=\"elementor-widget-container\">\n\t\t\t\t\t<h2 class=\"elementor-heading-title elementor-size-default\"><a href=\"\/pt\/mortes\/\">Seguro de Morte<\/a><\/h2>\t\t\t\t<\/div>\n\t\t\t\t<\/div>\n\t\t\t\t<div class=\"elementor-element elementor-element-6042a5d elementor-widget__width-auto elementor-absolute elementor-widget-divider--view-line elementor-widget elementor-widget-divider\" data-id=\"6042a5d\" data-element_type=\"widget\" data-settings=\"{&quot;_position&quot;:&quot;absolute&quot;}\" data-widget_type=\"divider.default\">\n\t\t\t\t<div class=\"elementor-widget-container\">\n\t\t\t\t\t\t\t<div class=\"elementor-divider\">\n\t\t\t<span class=\"elementor-divider-separator\">\n\t\t\t\t\t\t<\/span>\n\t\t<\/div>\n\t\t\t\t\t\t<\/div>\n\t\t\t\t<\/div>\n\t\t\t\t\t<\/div>\n\t\t<\/div>\n\t\t\t\t\t<\/div>\n\t\t<\/section>\n\t\t\t\t\t<\/div>\n\t\t<\/div>\n\t\t\t\t\t<\/div>\n\t\t<\/section>\n\t\t\t\t<\/div>","protected":false},"excerpt":{"rendered":"<p>Especialidades AlergologiaSistema digestivoCardiologiaCirurgia cardiovascularCirurgia geralCirurgia pedi\u00e1tricaCirurgia pl\u00e1stica e reconstrutivaCirurgia vascular e angiologiaEndocrinologiaNutri\u00e7\u00e3o e diet\u00e9ticaD.UE (Enfermagem)Osteopatia e FisioterapiaHematologia e HemoterapiaMedicina internaPneumologiaNeurocirurgiaNeurofisiologiaGeriatriaPsiquiatriaOncologiaOdontologia OftalmologiaDermatologiaMaxilofacialOtorrinolaringologiaPediatria e puericulturaRadiologia convencionalRadiologia avan\u00e7adaReabilita\u00e7\u00e3oGinecologia e Obstetr\u00edciaParteiraMedicina geralMedicina de fam\u00edliaTraumatologiaPodologiaPsicologiaUrologiaEmerg\u00eancias Na Good Service, cuidamos de tudo para que voc\u00ea n\u00e3o precise se preocupar com nada. Cart\u00e3o de Sa\u00fade Seguro de Morte<\/p>","protected":false},"author":1,"featured_media":0,"parent":0,"menu_order":0,"comment_status":"closed","ping_status":"closed","template":"","meta":{"inline_featured_image":false,"footnotes":""},"class_list":["post-542","page","type-page","status-publish","hentry"],"yoast_head":"<!-- This site is optimized with the Yoast SEO plugin v24.7 - https:\/\/yoast.com\/wordpress\/plugins\/seo\/ -->\n<title>Especialidades - Good Service<\/title>\n<meta name=\"robots\" content=\"index, follow, max-snippet:-1, max-image-preview:large, max-video-preview:-1\" \/>\n<link rel=\"canonical\" href=\"https:\/\/goodservice.es\/pt\/especialidades\/\" \/>\n<meta property=\"og:locale\" content=\"pt_PT\" \/>\n<meta property=\"og:type\" content=\"article\" \/>\n<meta property=\"og:title\" content=\"Especialidades - Good Service\" \/>\n<meta property=\"og:description\" content=\"Especialidades Alergolog\u00edaAparato digestivoCardiolog\u00edaCirug\u00eda cardiovascularCirug\u00eda generalCirug\u00eda pedi\u00e1trica Cirug\u00eda pl\u00e1stica y reparadoraCirug\u00eda vascular y angiolog\u00edaEndocrinolog\u00edaNutrici\u00f3n y diet\u00e9ticaD.U.E (Enfermer\u00eda)Osteopat\u00eda y FisioterapiaHematolog\u00eda y HemoterapiaMedicina internaNeumolog\u00edaNeurocirug\u00edaNeurofisiolog\u00edaGeriatr\u00edaPsiquiatr\u00edaOncolog\u00edaOdontolog\u00eda Oftalmolog\u00edaDermatolog\u00edaMaxilofacialOtorrinolaringolog\u00edaPediatr\u00eda y puericulturaRadiolog\u00eda convencionalRadiolog\u00eda avanzadaRehabilitaci\u00f3nGinecolog\u00eda y ObstetriciaMatronaMedicina general Medicina de familiaTraumatolog\u00edaPodolog\u00edaPsicolog\u00edaUrolog\u00edaUrgencias En Good Service nos ocupamos de todo para que usted no tenga que preocuparse de nada. Tarjeta Sanitaria Seguro de Decesos\" \/>\n<meta property=\"og:url\" content=\"https:\/\/goodservice.es\/pt\/especialidades\/\" \/>\n<meta property=\"og:site_name\" content=\"Good Service\" \/>\n<meta property=\"article:modified_time\" content=\"2023-02-20T10:22:15+00:00\" \/>\n<meta property=\"og:image\" content=\"https:\/\/goodservice.es\/wp-content\/uploads\/2023\/02\/familia.svg\" \/>\n<meta name=\"twitter:card\" content=\"summary_large_image\" \/>\n<meta name=\"twitter:label1\" content=\"Tempo estimado de leitura\" \/>\n\t<meta name=\"twitter:data1\" content=\"1 minuto\" \/>\n<script type=\"application\/ld+json\" class=\"yoast-schema-graph\">{\"@context\":\"https:\/\/schema.org\",\"@graph\":[{\"@type\":\"WebPage\",\"@id\":\"https:\/\/goodservice.es\/especialidades\/\",\"url\":\"https:\/\/goodservice.es\/especialidades\/\",\"name\":\"Especialidades - Good Service\",\"isPartOf\":{\"@id\":\"https:\/\/goodservice.es\/#website\"},\"primaryImageOfPage\":{\"@id\":\"https:\/\/goodservice.es\/especialidades\/#primaryimage\"},\"image\":{\"@id\":\"https:\/\/goodservice.es\/especialidades\/#primaryimage\"},\"thumbnailUrl\":\"https:\/\/goodservice.es\/wp-content\/uploads\/2023\/02\/familia.svg\",\"datePublished\":\"2023-02-17T13:39:16+00:00\",\"dateModified\":\"2023-02-20T10:22:15+00:00\",\"inLanguage\":\"pt-PT\",\"potentialAction\":[{\"@type\":\"ReadAction\",\"target\":[\"https:\/\/goodservice.es\/especialidades\/\"]}]},{\"@type\":\"ImageObject\",\"inLanguage\":\"pt-PT\",\"@id\":\"https:\/\/goodservice.es\/especialidades\/#primaryimage\",\"url\":\"https:\/\/goodservice.es\/wp-content\/uploads\/2023\/02\/familia.svg\",\"contentUrl\":\"https:\/\/goodservice.es\/wp-content\/uploads\/2023\/02\/familia.svg\"},{\"@type\":\"WebSite\",\"@id\":\"https:\/\/goodservice.es\/#website\",\"url\":\"https:\/\/goodservice.es\/\",\"name\":\"Good Service\",\"description\":\"Tarjeta Sanitaria\",\"publisher\":{\"@id\":\"https:\/\/goodservice.es\/#organization\"},\"potentialAction\":[{\"@type\":\"SearchAction\",\"target\":{\"@type\":\"EntryPoint\",\"urlTemplate\":\"https:\/\/goodservice.es\/?s={search_term_string}\"},\"query-input\":{\"@type\":\"PropertyValueSpecification\",\"valueRequired\":true,\"valueName\":\"search_term_string\"}}],\"inLanguage\":\"pt-PT\"},{\"@type\":\"Organization\",\"@id\":\"https:\/\/goodservice.es\/#organization\",\"name\":\"Good Service\",\"url\":\"https:\/\/goodservice.es\/\",\"logo\":{\"@type\":\"ImageObject\",\"inLanguage\":\"pt-PT\",\"@id\":\"https:\/\/goodservice.es\/#\/schema\/logo\/image\/\",\"url\":\"https:\/\/goodservice.es\/wp-content\/uploads\/2022\/11\/logo.svg\",\"contentUrl\":\"https:\/\/goodservice.es\/wp-content\/uploads\/2022\/11\/logo.svg\",\"width\":208,\"height\":108,\"caption\":\"Good Service\"},\"image\":{\"@id\":\"https:\/\/goodservice.es\/#\/schema\/logo\/image\/\"}}]}<\/script>\n<!-- \/ Yoast SEO plugin. -->","yoast_head_json":{"title":"Especialidades - Good Service","robots":{"index":"index","follow":"follow","max-snippet":"max-snippet:-1","max-image-preview":"max-image-preview:large","max-video-preview":"max-video-preview:-1"},"canonical":"https:\/\/goodservice.es\/pt\/especialidades\/","og_locale":"pt_PT","og_type":"article","og_title":"Especialidades - Good Service","og_description":"Especialidades Alergolog\u00edaAparato digestivoCardiolog\u00edaCirug\u00eda cardiovascularCirug\u00eda generalCirug\u00eda pedi\u00e1trica Cirug\u00eda pl\u00e1stica y reparadoraCirug\u00eda vascular y angiolog\u00edaEndocrinolog\u00edaNutrici\u00f3n y diet\u00e9ticaD.U.E (Enfermer\u00eda)Osteopat\u00eda y FisioterapiaHematolog\u00eda y HemoterapiaMedicina internaNeumolog\u00edaNeurocirug\u00edaNeurofisiolog\u00edaGeriatr\u00edaPsiquiatr\u00edaOncolog\u00edaOdontolog\u00eda Oftalmolog\u00edaDermatolog\u00edaMaxilofacialOtorrinolaringolog\u00edaPediatr\u00eda y puericulturaRadiolog\u00eda convencionalRadiolog\u00eda avanzadaRehabilitaci\u00f3nGinecolog\u00eda y ObstetriciaMatronaMedicina general Medicina de familiaTraumatolog\u00edaPodolog\u00edaPsicolog\u00edaUrolog\u00edaUrgencias En Good Service nos ocupamos de todo para que usted no tenga que preocuparse de nada. Tarjeta Sanitaria Seguro de Decesos","og_url":"https:\/\/goodservice.es\/pt\/especialidades\/","og_site_name":"Good Service","article_modified_time":"2023-02-20T10:22:15+00:00","og_image":[{"url":"https:\/\/goodservice.es\/wp-content\/uploads\/2023\/02\/familia.svg","type":"","width":"","height":""}],"twitter_card":"summary_large_image","twitter_misc":{"Tempo estimado de leitura":"1 minuto"},"schema":{"@context":"https:\/\/schema.org","@graph":[{"@type":"WebPage","@id":"https:\/\/goodservice.es\/especialidades\/","url":"https:\/\/goodservice.es\/especialidades\/","name":"Especialidades - Good Service","isPartOf":{"@id":"https:\/\/goodservice.es\/#website"},"primaryImageOfPage":{"@id":"https:\/\/goodservice.es\/especialidades\/#primaryimage"},"image":{"@id":"https:\/\/goodservice.es\/especialidades\/#primaryimage"},"thumbnailUrl":"https:\/\/goodservice.es\/wp-content\/uploads\/2023\/02\/familia.svg","datePublished":"2023-02-17T13:39:16+00:00","dateModified":"2023-02-20T10:22:15+00:00","inLanguage":"pt-PT","potentialAction":[{"@type":"ReadAction","target":["https:\/\/goodservice.es\/especialidades\/"]}]},{"@type":"ImageObject","inLanguage":"pt-PT","@id":"https:\/\/goodservice.es\/especialidades\/#primaryimage","url":"https:\/\/goodservice.es\/wp-content\/uploads\/2023\/02\/familia.svg","contentUrl":"https:\/\/goodservice.es\/wp-content\/uploads\/2023\/02\/familia.svg"},{"@type":"WebSite","@id":"https:\/\/goodservice.es\/#website","url":"https:\/\/goodservice.es\/","name":"Good Service","description":"Tarjeta Sanitaria","publisher":{"@id":"https:\/\/goodservice.es\/#organization"},"potentialAction":[{"@type":"SearchAction","target":{"@type":"EntryPoint","urlTemplate":"https:\/\/goodservice.es\/?s={search_term_string}"},"query-input":{"@type":"PropertyValueSpecification","valueRequired":true,"valueName":"search_term_string"}}],"inLanguage":"pt-PT"},{"@type":"Organization","@id":"https:\/\/goodservice.es\/#organization","name":"Good Service","url":"https:\/\/goodservice.es\/","logo":{"@type":"ImageObject","inLanguage":"pt-PT","@id":"https:\/\/goodservice.es\/#\/schema\/logo\/image\/","url":"https:\/\/goodservice.es\/wp-content\/uploads\/2022\/11\/logo.svg","contentUrl":"https:\/\/goodservice.es\/wp-content\/uploads\/2022\/11\/logo.svg","width":208,"height":108,"caption":"Good Service"},"image":{"@id":"https:\/\/goodservice.es\/#\/schema\/logo\/image\/"}}]}},"_links":{"self":[{"href":"https:\/\/goodservice.es\/pt\/wp-json\/wp\/v2\/pages\/542","targetHints":{"allow":["GET"]}}],"collection":[{"href":"https:\/\/goodservice.es\/pt\/wp-json\/wp\/v2\/pages"}],"about":[{"href":"https:\/\/goodservice.es\/pt\/wp-json\/wp\/v2\/types\/page"}],"author":[{"embeddable":true,"href":"https:\/\/goodservice.es\/pt\/wp-json\/wp\/v2\/users\/1"}],"replies":[{"embeddable":true,"href":"https:\/\/goodservice.es\/pt\/wp-json\/wp\/v2\/comments?post=542"}],"version-history":[{"count":22,"href":"https:\/\/goodservice.es\/pt\/wp-json\/wp\/v2\/pages\/542\/revisions"}],"predecessor-version":[{"id":686,"href":"https:\/\/goodservice.es\/pt\/wp-json\/wp\/v2\/pages\/542\/revisions\/686"}],"wp:attachment":[{"href":"https:\/\/goodservice.es\/pt\/wp-json\/wp\/v2\/media?parent=542"}],"curies":[{"name":"wp","href":"https:\/\/api.w.org\/{rel}","templated":true}]}}