{"id":688,"date":"2023-02-20T12:21:29","date_gmt":"2023-02-20T12:21:29","guid":{"rendered":"https:\/\/goodservice.es\/quienes-somos-copy\/"},"modified":"2024-12-20T09:13:16","modified_gmt":"2024-12-20T09:13:16","slug":"aviso-legal","status":"publish","type":"page","link":"https:\/\/goodservice.es\/pt\/aviso-legal\/","title":{"rendered":"Aviso Legal"},"content":{"rendered":"<div data-elementor-type=\"wp-page\" data-elementor-id=\"688\" class=\"elementor elementor-688\" data-elementor-post-type=\"page\">\n\t\t\t\t\t\t<section class=\"elementor-section elementor-top-section elementor-element elementor-element-587a446 elementor-section-content-middle elementor-reverse-tablet elementor-reverse-mobile elementor-section-boxed elementor-section-height-default elementor-section-height-default\" data-id=\"587a446\" data-element_type=\"section\" data-settings=\"{&quot;background_background&quot;:&quot;classic&quot;}\">\n\t\t\t\t\t\t\t<div class=\"elementor-background-overlay\"><\/div>\n\t\t\t\t\t\t\t<div class=\"elementor-container elementor-column-gap-default\">\n\t\t\t\t\t<div class=\"elementor-column elementor-col-100 elementor-top-column elementor-element elementor-element-68e0353\" data-id=\"68e0353\" data-element_type=\"column\" data-settings=\"{&quot;background_background&quot;:&quot;classic&quot;}\">\n\t\t\t<div class=\"elementor-widget-wrap elementor-element-populated\">\n\t\t\t\t\t\t<div class=\"elementor-element elementor-element-a17a381 elementor-widget elementor-widget-heading\" data-id=\"a17a381\" data-element_type=\"widget\" data-widget_type=\"heading.default\">\n\t\t\t\t<div class=\"elementor-widget-container\">\n\t\t\t\t\t<h1 class=\"elementor-heading-title elementor-size-default\">Aviso Legal<\/h1>\t\t\t\t<\/div>\n\t\t\t\t<\/div>\n\t\t\t\t<div class=\"elementor-element elementor-element-de9b858 elementor-widget-divider--view-line elementor-widget elementor-widget-divider\" data-id=\"de9b858\" data-element_type=\"widget\" data-widget_type=\"divider.default\">\n\t\t\t\t<div class=\"elementor-widget-container\">\n\t\t\t\t\t\t\t<div class=\"elementor-divider\">\n\t\t\t<span class=\"elementor-divider-separator\">\n\t\t\t\t\t\t<\/span>\n\t\t<\/div>\n\t\t\t\t\t\t<\/div>\n\t\t\t\t<\/div>\n\t\t\t\t<div class=\"elementor-element elementor-element-f64c1ab elementor-widget elementor-widget-text-editor\" data-id=\"f64c1ab\" data-element_type=\"widget\" data-widget_type=\"text-editor.default\">\n\t\t\t\t<div class=\"elementor-widget-container\">\n\t\t\t\t\t\t\t\t\t<p>O presente Aviso Legal regula as condi\u00e7\u00f5es gerais de acesso e utiliza\u00e7\u00e3o do s\u00edtio web acess\u00edvel atrav\u00e9s do URL https:\/\/goodservice.es\/ (doravante, o s\u00edtio web), que a Asistencia Sanitaria Argarot SL coloca \u00e0 disposi\u00e7\u00e3o dos utilizadores da Internet.<br \/>A utiliza\u00e7\u00e3o do site implica a aceita\u00e7\u00e3o plena e sem reservas de todas e cada uma das disposi\u00e7\u00f5es inclu\u00eddas neste Aviso Legal. Consequentemente, os usu\u00e1rios do site devem ler atentamente este Aviso Legal sempre que pretenderem utilizar o site, pois o texto poder\u00e1 ser modificado a crit\u00e9rio do propriet\u00e1rio do site ou devido a mudan\u00e7as na legisla\u00e7\u00e3o, jurisprud\u00eancia ou pr\u00e1tica comercial.<\/p><h3><span style=\"color: #138ccd;\"><strong>1 \u00b7 PROPRIEDADE DO SITE.<\/strong><\/span><\/h3><p>Sede social: Calle Rosa, 9<br \/>Popula\u00e7\u00e3o: Badajoz<br \/>Prov\u00edncia: Badajoz<br \/>CP: 06010<br \/>CIF: B06744171<br \/>N\u00famero de telefone de contato: 924 09 06 03<br \/>E-mail: info@goodservice.es<\/p><h3><span style=\"color: #138ccd;\"><strong>2 \u00b7 OBJETO.<\/strong><\/span><\/h3><p>O site oferece aos usu\u00e1rios acesso a informa\u00e7\u00f5es e servi\u00e7os fornecidos pela Asistencia Sanitaria Argarot SL a pessoas ou organiza\u00e7\u00f5es interessadas neles.<\/p><h3><span style=\"color: #138ccd;\"><strong>3 \u00b7 ACESSO E USO DO SITE.<\/strong><\/span><\/h3><p>3.1.- Livre acesso e utiliza\u00e7\u00e3o do site.<br \/>O acesso ao site \u00e9 gratuito para seus usu\u00e1rios.<br \/>3.2.- Registro do usu\u00e1rio.<br \/>Em geral, o acesso e a utiliza\u00e7\u00e3o do site n\u00e3o exigem a pr\u00e9via subscri\u00e7\u00e3o ou registo dos seus utilizadores.<\/p><h3><span style=\"color: #138ccd;\"><strong>4 \u00b7 CONTE\u00daDOS DA WEB.<\/strong><\/span><\/h3><p>O idioma usado pelo propriet\u00e1rio no site ser\u00e1 o espanhol. A Argarot Health Assistance SL n\u00e3o se responsabiliza pela falta de compreens\u00e3o ou entendimento da linguagem do site por parte do usu\u00e1rio, nem pelas consequ\u00eancias que isso possa causar.<br \/>A Asistencia Sanitaria Argarot SL poder\u00e1 modificar os conte\u00fados sem aviso pr\u00e9vio, bem como elimin\u00e1-los e alter\u00e1-los dentro do site, bem como a forma de acesso aos mesmos, sem justifica\u00e7\u00e3o e livremente, n\u00e3o se responsabilizando pelas consequ\u00eancias que estes possam causar aos utilizadores.<br \/>\u00c9 proibida a utiliza\u00e7\u00e3o do conte\u00fado do site para promover, contratar ou difundir publicidade ou informa\u00e7\u00e3o, pr\u00f3pria ou de terceiros, sem a autoriza\u00e7\u00e3o da Asistencia Sanitaria Argarot SL. Tamb\u00e9m \u00e9 proibida a utiliza\u00e7\u00e3o do conte\u00fado do site, bem como o envio de publicidade ou informa\u00e7\u00e3o utilizando os servi\u00e7os ou informa\u00e7\u00f5es disponibilizados aos usu\u00e1rios, independentemente de a utiliza\u00e7\u00e3o ser gratuita ou n\u00e3o.<br \/>Quaisquer links ou hiperlinks incorporados por terceiros em suas p\u00e1ginas web, direcionados a este site, ser\u00e3o para a abertura da p\u00e1gina web completa, e n\u00e3o poder\u00e3o expressar, direta ou indiretamente, informa\u00e7\u00f5es falsas, inexatas ou confusas, nem incorrer em a\u00e7\u00f5es injustas ou ilegais contra a Asistencia Sanitaria Argarot SL.<\/p><h3><span style=\"color: #138ccd;\"><strong>5 \u00b7 LIMITA\u00c7\u00c3O DE RESPONSABILIDADE.<\/strong><\/span><\/h3><p>Tanto o acesso ao site quanto qualquer uso n\u00e3o autorizado das informa\u00e7\u00f5es nele contidas s\u00e3o de exclusiva responsabilidade de quem o acessa. A Argarot Health Assistance SL n\u00e3o ser\u00e1 respons\u00e1vel por quaisquer consequ\u00eancias, danos ou perdas que possam surgir de tal acesso ou uso. A Asistencia Sanitaria Argarot SL n\u00e3o se responsabiliza por quaisquer erros de seguran\u00e7a que possam ocorrer ou por quaisquer danos que possam ser causados ao sistema inform\u00e1tico do utilizador (hardware e software), ou aos ficheiros ou documentos nele armazenados, como consequ\u00eancia de:<br \/>\u2013 a presen\u00e7a de um v\u00edrus no computador do utilizador que \u00e9 utilizado para se conectar aos servi\u00e7os e conte\u00fados do site,<br \/>\u2013 um mau funcionamento do navegador,<br \/>\u2013 e\/ou o uso de vers\u00f5es n\u00e3o atualizadas dos mesmos.<br \/>A Argarot Health Assistance SL n\u00e3o se responsabiliza pela confiabilidade e rapidez dos hiperlinks incorporados no site para abrir outros sites. A Asistencia Sanitaria Argarot SL n\u00e3o garante a utilidade destes links, nem \u00e9 respons\u00e1vel pelos conte\u00fados ou servi\u00e7os aos quais o utilizador possa aceder atrav\u00e9s destes links, nem pelo bom funcionamento destes sites.<br \/>A Asistencia Sanitaria Argarot SL n\u00e3o ser\u00e1 respons\u00e1vel por v\u00edrus ou outros programas inform\u00e1ticos que danifiquem ou possam danificar os sistemas ou equipamentos inform\u00e1ticos dos utilizadores ao aceder ao seu s\u00edtio web ou a outros s\u00edtios web acedidos atrav\u00e9s de links neste s\u00edtio web.<\/p><h3><span style=\"color: #138ccd;\"><strong>6 \u00b7 USO DA TECNOLOGIA \u201cCOOKIE\u201d.<\/strong><\/span><\/h3><p>O site n\u00e3o utiliza cookies ou qualquer outro processo invis\u00edvel para coletar informa\u00e7\u00f5es enquanto os usu\u00e1rios navegam no site, respeitando sua confidencialidade e privacidade em todos os momentos.<br \/>*SE COOKIES FOREM USADOS, CONSULTE O AVISO SOBRE O USO DE COOKIES. O site usa cookies; voc\u00ea pode consultar nossa Pol\u00edtica de Cookies, que respeita sua confidencialidade e privacidade em todos os momentos.<\/p><h3><span style=\"color: #138ccd;\"><strong>7 \u00b7 PROPRIEDADE INTELECTUAL E INDUSTRIAL.<\/strong><\/span><\/h3><p>A Asistencia Sanitaria Argarot SL \u00e9 titular de todos os direitos de propriedade industrial e intelectual do site, bem como dos conte\u00fados nele contidos. Qualquer uso do site ou de seu conte\u00fado deve ser exclusivamente para fins privados. Qualquer outro uso que implique c\u00f3pia, reprodu\u00e7\u00e3o, distribui\u00e7\u00e3o, transforma\u00e7\u00e3o, comunica\u00e7\u00e3o p\u00fablica ou qualquer outra a\u00e7\u00e3o similar de todo ou parte do conte\u00fado do site \u00e9 reservado exclusivamente \u00e0 Asistencia Sanitaria Argarot SL, e, portanto, nenhum usu\u00e1rio poder\u00e1 realizar tais a\u00e7\u00f5es sem a autoriza\u00e7\u00e3o pr\u00e9via e por escrito da Asistencia Sanitaria Argarot SL.<\/p><h3><span style=\"color: #138ccd;\"><strong>8 \u00b7 POL\u00cdTICA DE PRIVACIDADE E PROTE\u00c7\u00c3O DE DADOS<\/strong><\/span><\/h3><p>A Argarot Healthcare SL garante a prote\u00e7\u00e3o e confidencialidade de todos os dados pessoais fornecidos pelas empresas dos nossos clientes, de acordo com o disposto na Lei Org\u00e2nica 15\/1999, de 13 de dezembro, de Prote\u00e7\u00e3o de Dados Pessoais.<br \/>Todos os dados fornecidos pelas nossas empresas clientes \u00e0 Asistencia Sanitaria Argarot SL ou ao seu pessoal ser\u00e3o inclu\u00eddos num ficheiro automatizado de dados pessoais criado e mantido sob a responsabilidade da Asistencia Sanitaria Argarot SL, essencial para prestar os servi\u00e7os solicitados pelos utilizadores.<br \/>Os dados fornecidos ser\u00e3o processados de acordo com o Regulamento sobre Medidas de Seguran\u00e7a (Real Decreto 1720\/2007 de 21 de dezembro). A este respeito, a Asistencia Sanitaria Argarot SL adotou os n\u00edveis de prote\u00e7\u00e3o legalmente exigidos e instalou todas as medidas t\u00e9cnicas \u00e0 sua disposi\u00e7\u00e3o para evitar perdas, uso indevido, altera\u00e7\u00e3o e acesso n\u00e3o autorizado por terceiros. No entanto, os usu\u00e1rios devem estar cientes de que as medidas de seguran\u00e7a da Internet n\u00e3o s\u00e3o inexpugn\u00e1veis. Caso considere oportuno transferir os seus dados pessoais para outras entidades, ser-lhe-\u00e1 informado qual o dado transferido, a finalidade do ficheiro, bem como o nome e morada do cession\u00e1rio, para que possa dar o seu consentimento inequ\u00edvoco.<br \/>Em conformidade com as disposi\u00e7\u00f5es do RGPD, o usu\u00e1rio poder\u00e1 exercer seus direitos de acesso, retifica\u00e7\u00e3o, cancelamento e oposi\u00e7\u00e3o. Para isso, entre em contato conosco pelo e-mail info@goodservice.es<\/p><h3><span style=\"color: #138ccd;\"><strong>9 \u00b7 LEGISLA\u00c7\u00c3O APLIC\u00c1VEL E JURISDI\u00c7\u00c3O COMPETENTE.<\/strong><\/span><\/h3><p>Este Aviso Legal ser\u00e1 interpretado e regido de acordo com a legisla\u00e7\u00e3o espanhola. A Argarot Health Assistance SL e os usu\u00e1rios, com ren\u00fancia expressa a qualquer outro foro que possa corresponder, submetem-se \u00e0 jurisdi\u00e7\u00e3o dos tribunais do domic\u00edlio do usu\u00e1rio para qualquer controv\u00e9rsia que possa surgir do acesso ou uso do site. No caso de o utilizador estar domiciliado fora de Espanha, a Asistencia Sanitaria Argarot SL e o utilizador, com ren\u00fancia expressa a qualquer outro foro, submetem-se aos julgados e tribunais do domic\u00edlio da Asistencia Sanitaria Argarot SL.<\/p>\t\t\t\t\t\t\t\t<\/div>\n\t\t\t\t<\/div>\n\t\t\t\t\t<\/div>\n\t\t<\/div>\n\t\t\t\t\t<\/div>\n\t\t<\/section>\n\t\t\t\t<\/div>","protected":false},"excerpt":{"rendered":"<p>Aviso Legal O presente Aviso Legal regula as condi\u00e7\u00f5es gerais de acesso e utiliza\u00e7\u00e3o do s\u00edtio web acess\u00edvel atrav\u00e9s do URL https:\/\/goodservice.es\/ (doravante, o s\u00edtio web), que a Asistencia Sanitaria Argarot SL coloca \u00e0 disposi\u00e7\u00e3o dos utilizadores da Internet. A utiliza\u00e7\u00e3o do site implica a aceita\u00e7\u00e3o plena e sem reservas de todos e [\u2026]<\/p>","protected":false},"author":1,"featured_media":0,"parent":0,"menu_order":0,"comment_status":"closed","ping_status":"closed","template":"","meta":{"inline_featured_image":false,"footnotes":""},"class_list":["post-688","page","type-page","status-publish","hentry"],"yoast_head":"<!-- This site is optimized with the Yoast SEO plugin v24.7 - https:\/\/yoast.com\/wordpress\/plugins\/seo\/ -->\n<title>Aviso Legal - Good Service<\/title>\n<meta name=\"robots\" content=\"index, follow, max-snippet:-1, max-image-preview:large, max-video-preview:-1\" \/>\n<link rel=\"canonical\" href=\"https:\/\/goodservice.es\/pt\/aviso-legal\/\" \/>\n<meta property=\"og:locale\" content=\"pt_PT\" \/>\n<meta property=\"og:type\" content=\"article\" \/>\n<meta property=\"og:title\" content=\"Aviso Legal - Good Service\" \/>\n<meta property=\"og:description\" content=\"Aviso Legal El presente Aviso Legal regula las condiciones generales de acceso y utilizaci\u00f3n del sitio web accesible en la direcci\u00f3n URL https:\/\/goodservice.es\/ (en adelante, el sitio web), que Asistencia Sanitaria Argarot S.L. pone a disposici\u00f3n de los usuarios de Internet.La utilizaci\u00f3n del sitio web implica la aceptaci\u00f3n plena y sin reservas de todas y [&hellip;]\" \/>\n<meta property=\"og:url\" content=\"https:\/\/goodservice.es\/pt\/aviso-legal\/\" \/>\n<meta property=\"og:site_name\" content=\"Good Service\" \/>\n<meta property=\"article:modified_time\" content=\"2024-12-20T09:13:16+00:00\" \/>\n<meta name=\"twitter:card\" content=\"summary_large_image\" \/>\n<meta name=\"twitter:label1\" content=\"Tempo estimado de leitura\" \/>\n\t<meta name=\"twitter:data1\" content=\"6 minutos\" \/>\n<script type=\"application\/ld+json\" class=\"yoast-schema-graph\">{\"@context\":\"https:\/\/schema.org\",\"@graph\":[{\"@type\":\"WebPage\",\"@id\":\"https:\/\/goodservice.es\/aviso-legal\/\",\"url\":\"https:\/\/goodservice.es\/aviso-legal\/\",\"name\":\"Aviso Legal - Good Service\",\"isPartOf\":{\"@id\":\"https:\/\/goodservice.es\/#website\"},\"datePublished\":\"2023-02-20T12:21:29+00:00\",\"dateModified\":\"2024-12-20T09:13:16+00:00\",\"inLanguage\":\"pt-PT\",\"potentialAction\":[{\"@type\":\"ReadAction\",\"target\":[\"https:\/\/goodservice.es\/aviso-legal\/\"]}]},{\"@type\":\"WebSite\",\"@id\":\"https:\/\/goodservice.es\/#website\",\"url\":\"https:\/\/goodservice.es\/\",\"name\":\"Good Service\",\"description\":\"Tarjeta Sanitaria\",\"publisher\":{\"@id\":\"https:\/\/goodservice.es\/#organization\"},\"potentialAction\":[{\"@type\":\"SearchAction\",\"target\":{\"@type\":\"EntryPoint\",\"urlTemplate\":\"https:\/\/goodservice.es\/?s={search_term_string}\"},\"query-input\":{\"@type\":\"PropertyValueSpecification\",\"valueRequired\":true,\"valueName\":\"search_term_string\"}}],\"inLanguage\":\"pt-PT\"},{\"@type\":\"Organization\",\"@id\":\"https:\/\/goodservice.es\/#organization\",\"name\":\"Good Service\",\"url\":\"https:\/\/goodservice.es\/\",\"logo\":{\"@type\":\"ImageObject\",\"inLanguage\":\"pt-PT\",\"@id\":\"https:\/\/goodservice.es\/#\/schema\/logo\/image\/\",\"url\":\"https:\/\/goodservice.es\/wp-content\/uploads\/2022\/11\/logo.svg\",\"contentUrl\":\"https:\/\/goodservice.es\/wp-content\/uploads\/2022\/11\/logo.svg\",\"width\":208,\"height\":108,\"caption\":\"Good Service\"},\"image\":{\"@id\":\"https:\/\/goodservice.es\/#\/schema\/logo\/image\/\"}}]}<\/script>\n<!-- \/ Yoast SEO plugin. -->","yoast_head_json":{"title":"Aviso Legal - Good Service","robots":{"index":"index","follow":"follow","max-snippet":"max-snippet:-1","max-image-preview":"max-image-preview:large","max-video-preview":"max-video-preview:-1"},"canonical":"https:\/\/goodservice.es\/pt\/aviso-legal\/","og_locale":"pt_PT","og_type":"article","og_title":"Aviso Legal - Good Service","og_description":"Aviso Legal El presente Aviso Legal regula las condiciones generales de acceso y utilizaci\u00f3n del sitio web accesible en la direcci\u00f3n URL https:\/\/goodservice.es\/ (en adelante, el sitio web), que Asistencia Sanitaria Argarot S.L. pone a disposici\u00f3n de los usuarios de Internet.La utilizaci\u00f3n del sitio web implica la aceptaci\u00f3n plena y sin reservas de todas y [&hellip;]","og_url":"https:\/\/goodservice.es\/pt\/aviso-legal\/","og_site_name":"Good Service","article_modified_time":"2024-12-20T09:13:16+00:00","twitter_card":"summary_large_image","twitter_misc":{"Tempo estimado de leitura":"6 minutos"},"schema":{"@context":"https:\/\/schema.org","@graph":[{"@type":"WebPage","@id":"https:\/\/goodservice.es\/aviso-legal\/","url":"https:\/\/goodservice.es\/aviso-legal\/","name":"Aviso Legal - Good Service","isPartOf":{"@id":"https:\/\/goodservice.es\/#website"},"datePublished":"2023-02-20T12:21:29+00:00","dateModified":"2024-12-20T09:13:16+00:00","inLanguage":"pt-PT","potentialAction":[{"@type":"ReadAction","target":["https:\/\/goodservice.es\/aviso-legal\/"]}]},{"@type":"WebSite","@id":"https:\/\/goodservice.es\/#website","url":"https:\/\/goodservice.es\/","name":"Good Service","description":"Tarjeta Sanitaria","publisher":{"@id":"https:\/\/goodservice.es\/#organization"},"potentialAction":[{"@type":"SearchAction","target":{"@type":"EntryPoint","urlTemplate":"https:\/\/goodservice.es\/?s={search_term_string}"},"query-input":{"@type":"PropertyValueSpecification","valueRequired":true,"valueName":"search_term_string"}}],"inLanguage":"pt-PT"},{"@type":"Organization","@id":"https:\/\/goodservice.es\/#organization","name":"Good Service","url":"https:\/\/goodservice.es\/","logo":{"@type":"ImageObject","inLanguage":"pt-PT","@id":"https:\/\/goodservice.es\/#\/schema\/logo\/image\/","url":"https:\/\/goodservice.es\/wp-content\/uploads\/2022\/11\/logo.svg","contentUrl":"https:\/\/goodservice.es\/wp-content\/uploads\/2022\/11\/logo.svg","width":208,"height":108,"caption":"Good Service"},"image":{"@id":"https:\/\/goodservice.es\/#\/schema\/logo\/image\/"}}]}},"_links":{"self":[{"href":"https:\/\/goodservice.es\/pt\/wp-json\/wp\/v2\/pages\/688","targetHints":{"allow":["GET"]}}],"collection":[{"href":"https:\/\/goodservice.es\/pt\/wp-json\/wp\/v2\/pages"}],"about":[{"href":"https:\/\/goodservice.es\/pt\/wp-json\/wp\/v2\/types\/page"}],"author":[{"embeddable":true,"href":"https:\/\/goodservice.es\/pt\/wp-json\/wp\/v2\/users\/1"}],"replies":[{"embeddable":true,"href":"https:\/\/goodservice.es\/pt\/wp-json\/wp\/v2\/comments?post=688"}],"version-history":[{"count":19,"href":"https:\/\/goodservice.es\/pt\/wp-json\/wp\/v2\/pages\/688\/revisions"}],"predecessor-version":[{"id":876,"href":"https:\/\/goodservice.es\/pt\/wp-json\/wp\/v2\/pages\/688\/revisions\/876"}],"wp:attachment":[{"href":"https:\/\/goodservice.es\/pt\/wp-json\/wp\/v2\/media?parent=688"}],"curies":[{"name":"wp","href":"https:\/\/api.w.org\/{rel}","templated":true}]}}