{"id":700,"date":"2023-02-20T12:47:45","date_gmt":"2023-02-20T12:47:45","guid":{"rendered":"https:\/\/goodservice.es\/aviso-legal-copy\/"},"modified":"2024-12-20T09:16:04","modified_gmt":"2024-12-20T09:16:04","slug":"politica-de-privacidad","status":"publish","type":"page","link":"https:\/\/goodservice.es\/pt\/politica-de-privacidade\/","title":{"rendered":"pol\u00edtica de Privacidade"},"content":{"rendered":"<div data-elementor-type=\"wp-page\" data-elementor-id=\"700\" class=\"elementor elementor-700\" data-elementor-post-type=\"page\">\n\t\t\t\t\t\t<section class=\"elementor-section elementor-top-section elementor-element elementor-element-587a446 elementor-section-content-middle elementor-reverse-tablet elementor-reverse-mobile elementor-section-boxed elementor-section-height-default elementor-section-height-default\" data-id=\"587a446\" data-element_type=\"section\" data-settings=\"{&quot;background_background&quot;:&quot;classic&quot;}\">\n\t\t\t\t\t\t\t<div class=\"elementor-background-overlay\"><\/div>\n\t\t\t\t\t\t\t<div class=\"elementor-container elementor-column-gap-default\">\n\t\t\t\t\t<div class=\"elementor-column elementor-col-100 elementor-top-column elementor-element elementor-element-68e0353\" data-id=\"68e0353\" data-element_type=\"column\" data-settings=\"{&quot;background_background&quot;:&quot;classic&quot;}\">\n\t\t\t<div class=\"elementor-widget-wrap elementor-element-populated\">\n\t\t\t\t\t\t<div class=\"elementor-element elementor-element-a17a381 elementor-widget elementor-widget-heading\" data-id=\"a17a381\" data-element_type=\"widget\" data-widget_type=\"heading.default\">\n\t\t\t\t<div class=\"elementor-widget-container\">\n\t\t\t\t\t<h1 class=\"elementor-heading-title elementor-size-default\">pol\u00edtica de Privacidade<\/h1>\t\t\t\t<\/div>\n\t\t\t\t<\/div>\n\t\t\t\t<div class=\"elementor-element elementor-element-de9b858 elementor-widget-divider--view-line elementor-widget elementor-widget-divider\" data-id=\"de9b858\" data-element_type=\"widget\" data-widget_type=\"divider.default\">\n\t\t\t\t<div class=\"elementor-widget-container\">\n\t\t\t\t\t\t\t<div class=\"elementor-divider\">\n\t\t\t<span class=\"elementor-divider-separator\">\n\t\t\t\t\t\t<\/span>\n\t\t<\/div>\n\t\t\t\t\t\t<\/div>\n\t\t\t\t<\/div>\n\t\t\t\t<div class=\"elementor-element elementor-element-b3ae87c elementor-widget elementor-widget-text-editor\" data-id=\"b3ae87c\" data-element_type=\"widget\" data-widget_type=\"text-editor.default\">\n\t\t\t\t<div class=\"elementor-widget-container\">\n\t\t\t\t\t\t\t\t\t<p>Em cumprimento ao disposto no RGPD, informamos que seus dados ser\u00e3o tratados em nossos arquivos com a finalidade de manter e cumprir o relacionamento com nossa entidade, incluindo o envio de comunica\u00e7\u00f5es no \u00e2mbito do referido relacionamento.<\/p><p>Da mesma forma, seus dados ser\u00e3o cedidos em todos os casos em que sejam necess\u00e1rios para o desenvolvimento, cumprimento e controle do relacionamento com nossa entidade ou nos casos em que sejam autorizados por lei. Em conformidade com o RGPD, voc\u00ea pode exercer seus direitos ARCO antes <strong>Argarot Healthcare SL<\/strong>., com endere\u00e7o em <strong>Rua Rosa, 9 | 06010 \u2013 Badalo<\/strong>z, anexando uma fotoc\u00f3pia do seu documento de identifica\u00e7\u00e3o.<\/p><p>O conte\u00fado desta comunica\u00e7\u00e3o, bem como o de toda a documenta\u00e7\u00e3o que a acompanha, est\u00e1 sujeito \u00e0 confidencialidade e \u00e9 dirigido exclusivamente ao seu destinat\u00e1rio. Se voc\u00ea n\u00e3o for o destinat\u00e1rio pretendido, informe-nos e n\u00e3o compartilhe o conte\u00fado com terceiros. N\u00f3s ent\u00e3o procederemos \u00e0 destrui\u00e7\u00e3o deles.<\/p><p>O prestador de servi\u00e7os da sociedade da informa\u00e7\u00e3o deve levar em conta que, al\u00e9m das informa\u00e7\u00f5es que fornece aos destinat\u00e1rios dos servi\u00e7os por meio de sua &quot;Pol\u00edtica de Privacidade&quot;, deve contar com textos legais adicionais relativos a outras normas de cumprimento obrigat\u00f3rio, como, mas n\u00e3o se limitando a, condi\u00e7\u00f5es gerais de contrata\u00e7\u00e3o, propriedade intelectual e industrial, condi\u00e7\u00f5es de uso do site e responsabilidades a esse respeito, ou o que a Lei 34\/2002, de 11 de julho, de Servi\u00e7os da Sociedade da Informa\u00e7\u00e3o e Com\u00e9rcio Eletr\u00f4nico possa estabelecer em quaisquer outras disposi\u00e7\u00f5es fora de seu artigo 10 ou, inclusive, completar as informa\u00e7\u00f5es que, em rela\u00e7\u00e3o a ela, sejam necess\u00e1rias.<\/p>\t\t\t\t\t\t\t\t<\/div>\n\t\t\t\t<\/div>\n\t\t\t\t\t<\/div>\n\t\t<\/div>\n\t\t\t\t\t<\/div>\n\t\t<\/section>\n\t\t\t\t<\/div>","protected":false},"excerpt":{"rendered":"<p>Pol\u00edtica de Privacidade Em cumprimento ao disposto no RGPD, informamos que os seus dados ser\u00e3o tratados nos nossos ficheiros com a finalidade de manter e cumprir a rela\u00e7\u00e3o com a nossa entidade, incluindo o envio de comunica\u00e7\u00f5es no \u00e2mbito da mesma. Da mesma forma, seus dados ser\u00e3o transferidos em todos aqueles [\u2026]<\/p>","protected":false},"author":1,"featured_media":0,"parent":0,"menu_order":0,"comment_status":"closed","ping_status":"closed","template":"","meta":{"inline_featured_image":false,"footnotes":""},"class_list":["post-700","page","type-page","status-publish","hentry"],"yoast_head":"<!-- This site is optimized with the Yoast SEO plugin v24.7 - https:\/\/yoast.com\/wordpress\/plugins\/seo\/ -->\n<title>Pol\u00edtica de Privacidad - Good Service<\/title>\n<meta name=\"robots\" content=\"index, follow, max-snippet:-1, max-image-preview:large, max-video-preview:-1\" \/>\n<link rel=\"canonical\" href=\"https:\/\/goodservice.es\/pt\/politica-de-privacidade\/\" \/>\n<meta property=\"og:locale\" content=\"pt_PT\" \/>\n<meta property=\"og:type\" content=\"article\" \/>\n<meta property=\"og:title\" content=\"Pol\u00edtica de Privacidad - Good Service\" \/>\n<meta property=\"og:description\" content=\"Pol\u00edtica de Privacidad En cumplimiento de lo establecido en la RGPD, le informamos que sus datos ser\u00e1n tratados en nuestros ficheros, con la finalidad del mantenimiento y cumplimiento de la relaci\u00f3n con nuestra entidad, incluyendo el env\u00edo de comunicaciones en el marco de la citada relaci\u00f3n. As\u00ed mismo, sus datos ser\u00e1n cedidos en todos aquellos [&hellip;]\" \/>\n<meta property=\"og:url\" content=\"https:\/\/goodservice.es\/pt\/politica-de-privacidade\/\" \/>\n<meta property=\"og:site_name\" content=\"Good Service\" \/>\n<meta property=\"article:modified_time\" content=\"2024-12-20T09:16:04+00:00\" \/>\n<meta name=\"twitter:card\" content=\"summary_large_image\" \/>\n<meta name=\"twitter:label1\" content=\"Tempo estimado de leitura\" \/>\n\t<meta name=\"twitter:data1\" content=\"2 minutos\" \/>\n<script type=\"application\/ld+json\" class=\"yoast-schema-graph\">{\"@context\":\"https:\/\/schema.org\",\"@graph\":[{\"@type\":\"WebPage\",\"@id\":\"https:\/\/goodservice.es\/politica-de-privacidad\/\",\"url\":\"https:\/\/goodservice.es\/politica-de-privacidad\/\",\"name\":\"Pol\u00edtica de Privacidad - Good Service\",\"isPartOf\":{\"@id\":\"https:\/\/goodservice.es\/#website\"},\"datePublished\":\"2023-02-20T12:47:45+00:00\",\"dateModified\":\"2024-12-20T09:16:04+00:00\",\"inLanguage\":\"pt-PT\",\"potentialAction\":[{\"@type\":\"ReadAction\",\"target\":[\"https:\/\/goodservice.es\/politica-de-privacidad\/\"]}]},{\"@type\":\"WebSite\",\"@id\":\"https:\/\/goodservice.es\/#website\",\"url\":\"https:\/\/goodservice.es\/\",\"name\":\"Good Service\",\"description\":\"Tarjeta Sanitaria\",\"publisher\":{\"@id\":\"https:\/\/goodservice.es\/#organization\"},\"potentialAction\":[{\"@type\":\"SearchAction\",\"target\":{\"@type\":\"EntryPoint\",\"urlTemplate\":\"https:\/\/goodservice.es\/?s={search_term_string}\"},\"query-input\":{\"@type\":\"PropertyValueSpecification\",\"valueRequired\":true,\"valueName\":\"search_term_string\"}}],\"inLanguage\":\"pt-PT\"},{\"@type\":\"Organization\",\"@id\":\"https:\/\/goodservice.es\/#organization\",\"name\":\"Good Service\",\"url\":\"https:\/\/goodservice.es\/\",\"logo\":{\"@type\":\"ImageObject\",\"inLanguage\":\"pt-PT\",\"@id\":\"https:\/\/goodservice.es\/#\/schema\/logo\/image\/\",\"url\":\"https:\/\/goodservice.es\/wp-content\/uploads\/2022\/11\/logo.svg\",\"contentUrl\":\"https:\/\/goodservice.es\/wp-content\/uploads\/2022\/11\/logo.svg\",\"width\":208,\"height\":108,\"caption\":\"Good Service\"},\"image\":{\"@id\":\"https:\/\/goodservice.es\/#\/schema\/logo\/image\/\"}}]}<\/script>\n<!-- \/ Yoast SEO plugin. -->","yoast_head_json":{"title":"Pol\u00edtica de Privacidad - Good Service","robots":{"index":"index","follow":"follow","max-snippet":"max-snippet:-1","max-image-preview":"max-image-preview:large","max-video-preview":"max-video-preview:-1"},"canonical":"https:\/\/goodservice.es\/pt\/politica-de-privacidade\/","og_locale":"pt_PT","og_type":"article","og_title":"Pol\u00edtica de Privacidad - Good Service","og_description":"Pol\u00edtica de Privacidad En cumplimiento de lo establecido en la RGPD, le informamos que sus datos ser\u00e1n tratados en nuestros ficheros, con la finalidad del mantenimiento y cumplimiento de la relaci\u00f3n con nuestra entidad, incluyendo el env\u00edo de comunicaciones en el marco de la citada relaci\u00f3n. As\u00ed mismo, sus datos ser\u00e1n cedidos en todos aquellos [&hellip;]","og_url":"https:\/\/goodservice.es\/pt\/politica-de-privacidade\/","og_site_name":"Good Service","article_modified_time":"2024-12-20T09:16:04+00:00","twitter_card":"summary_large_image","twitter_misc":{"Tempo estimado de leitura":"2 minutos"},"schema":{"@context":"https:\/\/schema.org","@graph":[{"@type":"WebPage","@id":"https:\/\/goodservice.es\/politica-de-privacidad\/","url":"https:\/\/goodservice.es\/politica-de-privacidad\/","name":"Pol\u00edtica de Privacidad - Good Service","isPartOf":{"@id":"https:\/\/goodservice.es\/#website"},"datePublished":"2023-02-20T12:47:45+00:00","dateModified":"2024-12-20T09:16:04+00:00","inLanguage":"pt-PT","potentialAction":[{"@type":"ReadAction","target":["https:\/\/goodservice.es\/politica-de-privacidad\/"]}]},{"@type":"WebSite","@id":"https:\/\/goodservice.es\/#website","url":"https:\/\/goodservice.es\/","name":"Good Service","description":"Tarjeta Sanitaria","publisher":{"@id":"https:\/\/goodservice.es\/#organization"},"potentialAction":[{"@type":"SearchAction","target":{"@type":"EntryPoint","urlTemplate":"https:\/\/goodservice.es\/?s={search_term_string}"},"query-input":{"@type":"PropertyValueSpecification","valueRequired":true,"valueName":"search_term_string"}}],"inLanguage":"pt-PT"},{"@type":"Organization","@id":"https:\/\/goodservice.es\/#organization","name":"Good Service","url":"https:\/\/goodservice.es\/","logo":{"@type":"ImageObject","inLanguage":"pt-PT","@id":"https:\/\/goodservice.es\/#\/schema\/logo\/image\/","url":"https:\/\/goodservice.es\/wp-content\/uploads\/2022\/11\/logo.svg","contentUrl":"https:\/\/goodservice.es\/wp-content\/uploads\/2022\/11\/logo.svg","width":208,"height":108,"caption":"Good Service"},"image":{"@id":"https:\/\/goodservice.es\/#\/schema\/logo\/image\/"}}]}},"_links":{"self":[{"href":"https:\/\/goodservice.es\/pt\/wp-json\/wp\/v2\/pages\/700","targetHints":{"allow":["GET"]}}],"collection":[{"href":"https:\/\/goodservice.es\/pt\/wp-json\/wp\/v2\/pages"}],"about":[{"href":"https:\/\/goodservice.es\/pt\/wp-json\/wp\/v2\/types\/page"}],"author":[{"embeddable":true,"href":"https:\/\/goodservice.es\/pt\/wp-json\/wp\/v2\/users\/1"}],"replies":[{"embeddable":true,"href":"https:\/\/goodservice.es\/pt\/wp-json\/wp\/v2\/comments?post=700"}],"version-history":[{"count":10,"href":"https:\/\/goodservice.es\/pt\/wp-json\/wp\/v2\/pages\/700\/revisions"}],"predecessor-version":[{"id":882,"href":"https:\/\/goodservice.es\/pt\/wp-json\/wp\/v2\/pages\/700\/revisions\/882"}],"wp:attachment":[{"href":"https:\/\/goodservice.es\/pt\/wp-json\/wp\/v2\/media?parent=700"}],"curies":[{"name":"wp","href":"https:\/\/api.w.org\/{rel}","templated":true}]}}