{"id":710,"date":"2023-02-20T12:57:30","date_gmt":"2023-02-20T12:57:30","guid":{"rendered":"https:\/\/goodservice.es\/politica-de-privacidad-copy\/"},"modified":"2023-02-20T13:01:31","modified_gmt":"2023-02-20T13:01:31","slug":"politica-de-cookies","status":"publish","type":"page","link":"https:\/\/goodservice.es\/pt\/politica-de-cookies\/","title":{"rendered":"Pol\u00edtica de Cookies"},"content":{"rendered":"<div data-elementor-type=\"wp-page\" data-elementor-id=\"710\" class=\"elementor elementor-710\" data-elementor-post-type=\"page\">\n\t\t\t\t\t\t<section class=\"elementor-section elementor-top-section elementor-element elementor-element-587a446 elementor-section-content-middle elementor-reverse-tablet elementor-reverse-mobile elementor-section-boxed elementor-section-height-default elementor-section-height-default\" data-id=\"587a446\" data-element_type=\"section\" data-settings=\"{&quot;background_background&quot;:&quot;classic&quot;}\">\n\t\t\t\t\t\t\t<div class=\"elementor-background-overlay\"><\/div>\n\t\t\t\t\t\t\t<div class=\"elementor-container elementor-column-gap-default\">\n\t\t\t\t\t<div class=\"elementor-column elementor-col-100 elementor-top-column elementor-element elementor-element-68e0353\" data-id=\"68e0353\" data-element_type=\"column\" data-settings=\"{&quot;background_background&quot;:&quot;classic&quot;}\">\n\t\t\t<div class=\"elementor-widget-wrap elementor-element-populated\">\n\t\t\t\t\t\t<div class=\"elementor-element elementor-element-a17a381 elementor-widget elementor-widget-heading\" data-id=\"a17a381\" data-element_type=\"widget\" data-widget_type=\"heading.default\">\n\t\t\t\t<div class=\"elementor-widget-container\">\n\t\t\t\t\t<h1 class=\"elementor-heading-title elementor-size-default\">Pol\u00edtica de Cookies<\/h1>\t\t\t\t<\/div>\n\t\t\t\t<\/div>\n\t\t\t\t<div class=\"elementor-element elementor-element-de9b858 elementor-widget-divider--view-line elementor-widget elementor-widget-divider\" data-id=\"de9b858\" data-element_type=\"widget\" data-widget_type=\"divider.default\">\n\t\t\t\t<div class=\"elementor-widget-container\">\n\t\t\t\t\t\t\t<div class=\"elementor-divider\">\n\t\t\t<span class=\"elementor-divider-separator\">\n\t\t\t\t\t\t<\/span>\n\t\t<\/div>\n\t\t\t\t\t\t<\/div>\n\t\t\t\t<\/div>\n\t\t\t\t<div class=\"elementor-element elementor-element-b3ae87c elementor-widget elementor-widget-text-editor\" data-id=\"b3ae87c\" data-element_type=\"widget\" data-widget_type=\"text-editor.default\">\n\t\t\t\t<div class=\"elementor-widget-container\">\n\t\t\t\t\t\t\t\t\t<div class=\"sf-content\"><div class=\"container\"><div id=\"content\" class=\"row\"><article id=\"post-3188\" class=\"post-3188 page type-page status-publish hentry\"><div class=\"entry-content blog_postcontent\"><div id=\"clickdatos\"><p>Na web <a href=\"https:\/\/goodservice.es\/pt\"><span style=\"color: #ff9900;\"><strong>https:\/\/goodservice.es\/ <\/strong><\/span><\/a>Utilizamos cookies para facilitar o relacionamento entre os visitantes e nosso conte\u00fado e para permitir a compila\u00e7\u00e3o de estat\u00edsticas sobre os visitantes que recebemos. Em conformidade com a Diretiva 2009\/136\/CE, implementada em nosso sistema legal pela segunda se\u00e7\u00e3o do artigo 22 da Lei de Servi\u00e7os da Sociedade da Informa\u00e7\u00e3o, seguindo as diretrizes da Ag\u00eancia Espanhola de Prote\u00e7\u00e3o de Dados, procedemos a inform\u00e1-lo detalhadamente sobre o uso feito de nosso site.<\/p><p>Cookies s\u00e3o pequenos arquivos que s\u00e3o armazenados no navegador usado por cada visitante do nosso site para que o servidor possa lembrar da visita daquele usu\u00e1rio quando ele acessar nosso conte\u00fado novamente. Essas informa\u00e7\u00f5es n\u00e3o revelam sua identidade ou qualquer informa\u00e7\u00e3o pessoal, nem acessam o conte\u00fado armazenado em seu computador. No entanto, elas permitem que nosso sistema o identifique como um usu\u00e1rio espec\u00edfico que j\u00e1 visitou o site, visualizou certas p\u00e1ginas, etc. e tamb\u00e9m permite que voc\u00ea salve suas prefer\u00eancias pessoais e informa\u00e7\u00f5es t\u00e9cnicas, como visitas feitas ou p\u00e1ginas espec\u00edficas que voc\u00ea visita.<\/p><p>A finalidade dos cookies \u00e9 proporcionar ao Usu\u00e1rio um acesso mais r\u00e1pido aos Servi\u00e7os selecionados.<\/p><p>Se voc\u00ea n\u00e3o quiser que cookies sejam armazenados em seu navegador ou preferir receber informa\u00e7\u00f5es sempre que um cookie solicitar a instala\u00e7\u00e3o, voc\u00ea pode configurar suas op\u00e7\u00f5es de navega\u00e7\u00e3o para fazer isso. A maioria dos navegadores permite que voc\u00ea gerencie cookies de tr\u00eas maneiras diferentes:<\/p><ul><li>Os cookies s\u00e3o sempre rejeitados;<\/li><li>O navegador pergunta se o usu\u00e1rio deseja instalar cada cookie;<\/li><li>Cookies s\u00e3o sempre aceitos;<\/li><\/ul><p>Seu navegador tamb\u00e9m pode permitir que voc\u00ea selecione detalhadamente quais cookies deseja instalar em seu computador. Especificamente, o usu\u00e1rio normalmente pode aceitar qualquer uma das seguintes op\u00e7\u00f5es:<\/p><ul><li>rejeitar cookies de determinados dom\u00ednios;<\/li><li>rejeitar cookies de terceiros;<\/li><li>aceitar cookies como n\u00e3o persistentes (exclu\u00eddos quando o navegador \u00e9 fechado);<\/li><li>permitir que o servidor crie cookies para um dom\u00ednio diferente.<\/li><\/ul><p><strong>Para permitir, conhecer, bloquear ou excluir cookies instalados no seu computador, voc\u00ea pode faz\u00ea-lo configurando as op\u00e7\u00f5es do navegador instalado no seu computador.<\/strong><\/p><p>Voc\u00ea pode encontrar informa\u00e7\u00f5es sobre como configurar os navegadores mais comumente usados nos seguintes locais:<\/p><ul><li><strong>Internet Explorer<\/strong>: Ferramentas -&gt; Op\u00e7\u00f5es da Internet -&gt; Privacidade -&gt; Configura\u00e7\u00f5es. Para mais informa\u00e7\u00f5es, voc\u00ea pode consultar o\u00a0<span style=\"color: #ff9900;\"><a style=\"color: #ff9900;\" href=\"http:\/\/windows.microsoft.com\/es-ES\/windows\/support\">Suporte da Microsoft<\/a><\/span>\u00a0ou a Ajuda do navegador.<\/li><li><strong>Raposa de fogo<\/strong>: Ferramentas -&gt; Op\u00e7\u00f5es -&gt; Privacidade -&gt; Hist\u00f3rico -&gt; Configura\u00e7\u00f5es personalizadas. Para mais informa\u00e7\u00f5es, voc\u00ea pode consultar o\u00a0<span style=\"color: #ff9900;\"><a style=\"color: #ff9900;\" href=\"http:\/\/support.mozilla.org\/es\/home\">Suporte Mozilla<\/a><\/span>\u00a0ou a Ajuda do navegador.<\/li><li><strong>Cromo<\/strong>: Configura\u00e7\u00f5es -&gt; Mostrar configura\u00e7\u00f5es avan\u00e7adas -&gt; Privacidade -&gt; Configura\u00e7\u00f5es de conte\u00fado. Para mais informa\u00e7\u00f5es, voc\u00ea pode consultar o\u00a0<span style=\"color: #ff9900;\"><a style=\"color: #ff9900;\" href=\"http:\/\/support.google.com\/chrome\/?hl=es\">Suporte do Google<\/a><\/span>\u00a0ou a Ajuda do navegador.<\/li><li><strong>Saf\u00e1ri<\/strong>: Prefer\u00eancias -&gt; Seguran\u00e7a. Para mais informa\u00e7\u00f5es, voc\u00ea pode consultar o\u00a0<span style=\"color: #ff9900;\"><a style=\"color: #ff9900;\" href=\"http:\/\/www.apple.com\/es\/support\/safari\/\">Suporte da Apple<\/a><\/span>\u00a0ou a Ajuda do navegador.<\/li><\/ul><p>Em rela\u00e7\u00e3o aos cookies de terceiros, ou seja, aqueles que n\u00e3o fazem parte do nosso site, n\u00e3o podemos ser responsabilizados pelo conte\u00fado e pela veracidade das pol\u00edticas de privacidade que eles cont\u00eam, portanto, as informa\u00e7\u00f5es que fornecemos s\u00e3o sempre baseadas na fonte.<\/p><p>Abaixo fornecemos informa\u00e7\u00f5es detalhadas sobre os cookies que podem ser instalados em nosso site. Dependendo dos seus h\u00e1bitos de navega\u00e7\u00e3o, todos ou apenas alguns deles podem ser instalados.<\/p><p>\u00a0<\/p><div id=\"listadodecookies\"><table><tbody><tr align=\"center\"><td>Nome<\/td><td>Categoria<\/td><td>Descri\u00e7\u00e3o<\/td><td>Propriedade<\/td><td>Dura\u00e7\u00e3o<\/td><\/tr><tr id=\"_ga\" align=\"center\"><td>_ga<\/td><td>An\u00e1lise<\/td><td>Usado para distinguir usu\u00e1rios.<\/td><td>Terceiros<\/td><td>2 anos<\/td><\/tr><tr id=\"_gid\" align=\"center\"><td>_gid<\/td><td>An\u00e1lise<\/td><td>Usado para distinguir usu\u00e1rios.<\/td><td>Terceiros<\/td><td>24 horas<\/td><\/tr><tr id=\"PHPSESSID\" align=\"center\"><td>PHPSESSID<\/td><td>Funcionalidade<\/td><td>Este cookie \u00e9 usado pela linguagem de criptografia PHP para permitir que vari\u00e1veis de sess\u00e3o sejam salvas no servidor web.<\/td><td>Ter<\/td><td>Fim da sess\u00e3o<\/td><\/tr><tr id=\"wordpress_\" align=\"center\"><td>wordpress_<\/td><td>Funcionalidade<\/td><td>Ele \u00e9 ativado durante o login e salva os detalhes de autentica\u00e7\u00e3o.<\/td><td>Ter<\/td><td>1 ano<\/td><\/tr><tr id=\"wordpress_logged_in_\" align=\"center\"><td>wordpress_logado_<\/td><td>Funcionalidade<\/td><td>Ele \u00e9 ativado durante o login e salva os detalhes de autentica\u00e7\u00e3o.<\/td><td>Ter<\/td><td>1 ano<\/td><\/tr><tr id=\"wordpress_test_cookie\" align=\"center\"><td>cookie_de_teste_wordpress<\/td><td>Funcionalidade<\/td><td>Ele \u00e9 ativado durante o login e salva os detalhes de autentica\u00e7\u00e3o.<\/td><td>Ter<\/td><td>1 ano<\/td><\/tr><tr id=\"wp-settings-\" align=\"center\"><td>configura\u00e7\u00f5es-wp-<\/td><td>Funcionalidade<\/td><td>\u00c9 usado para personalizar a interface do usu\u00e1rio.<\/td><td>Ter<\/td><td>1 ano<\/td><\/tr><tr id=\"wp-settings-time-\" align=\"center\"><td>wp-configura\u00e7\u00f5es-tempo-<\/td><td>Funcionalidade<\/td><td>\u00c9 usado para personalizar a interface do usu\u00e1rio.<\/td><td>Ter<\/td><td>Fim da sess\u00e3o<\/td><\/tr><\/tbody><\/table><\/div><p>Esta Pol\u00edtica de Cookies pode ser modificada com base em requisitos legislativos ou regulat\u00f3rios, ou para adapt\u00e1-la \u00e0s instru\u00e7\u00f5es emitidas pela Ag\u00eancia Espanhola de Prote\u00e7\u00e3o de Dados. Portanto, os Usu\u00e1rios s\u00e3o aconselhados a revis\u00e1-la periodicamente.<\/p><p>Quando forem feitas altera\u00e7\u00f5es significativas nesta Pol\u00edtica de Cookies, os Usu\u00e1rios ser\u00e3o notificados por meio do site ou por e-mail aos Usu\u00e1rios registrados.<\/p><\/div><\/div><\/article><\/div><\/div><\/div>\t\t\t\t\t\t\t\t<\/div>\n\t\t\t\t<\/div>\n\t\t\t\t\t<\/div>\n\t\t<\/div>\n\t\t\t\t\t<\/div>\n\t\t<\/section>\n\t\t\t\t<\/div>","protected":false},"excerpt":{"rendered":"<p>Pol\u00edtica de Cookies No site https:\/\/goodservice.es\/ utilizamos cookies para facilitar a rela\u00e7\u00e3o dos visitantes com o nosso conte\u00fado e para nos permitir compilar estat\u00edsticas sobre os visitantes que recebemos. Em conformidade com a Diretiva 2009\/136\/CE, transposta para o nosso ordenamento jur\u00eddico pelo n.\u00ba 2 do artigo 22.\u00ba da Lei dos Servi\u00e7os da Sociedade da Informa\u00e7\u00e3o, [\u2026]<\/p>","protected":false},"author":1,"featured_media":0,"parent":0,"menu_order":0,"comment_status":"closed","ping_status":"closed","template":"","meta":{"inline_featured_image":false,"footnotes":""},"class_list":["post-710","page","type-page","status-publish","hentry"],"yoast_head":"<!-- This site is optimized with the Yoast SEO plugin v24.7 - https:\/\/yoast.com\/wordpress\/plugins\/seo\/ -->\n<title>Pol\u00edtica de Cookies - Good Service<\/title>\n<meta name=\"robots\" content=\"index, follow, max-snippet:-1, max-image-preview:large, max-video-preview:-1\" \/>\n<link rel=\"canonical\" href=\"https:\/\/goodservice.es\/pt\/politica-de-cookies\/\" \/>\n<meta property=\"og:locale\" content=\"pt_PT\" \/>\n<meta property=\"og:type\" content=\"article\" \/>\n<meta property=\"og:title\" content=\"Pol\u00edtica de Cookies - Good Service\" \/>\n<meta property=\"og:description\" content=\"Pol\u00edtica de Cookies En la web https:\/\/goodservice.es\/ utilizamos cookies para facilitar la relaci\u00f3n de los visitantes con nuestro contenido y para permitir elaborar estad\u00edsticas sobre las visitantes que recibimos.En cumplimiento de la Directiva 2009\/136\/CE, desarrollada en nuestro ordenamiento por el apartado segundo del art\u00edculo 22 de la Ley de Servicios de Sociedad de la Informaci\u00f3n, [&hellip;]\" \/>\n<meta property=\"og:url\" content=\"https:\/\/goodservice.es\/pt\/politica-de-cookies\/\" \/>\n<meta property=\"og:site_name\" content=\"Good Service\" \/>\n<meta property=\"article:modified_time\" content=\"2023-02-20T13:01:31+00:00\" \/>\n<meta name=\"twitter:card\" content=\"summary_large_image\" \/>\n<meta name=\"twitter:label1\" content=\"Tempo estimado de leitura\" \/>\n\t<meta name=\"twitter:data1\" content=\"4 minutos\" \/>\n<script type=\"application\/ld+json\" class=\"yoast-schema-graph\">{\"@context\":\"https:\/\/schema.org\",\"@graph\":[{\"@type\":\"WebPage\",\"@id\":\"https:\/\/goodservice.es\/politica-de-cookies\/\",\"url\":\"https:\/\/goodservice.es\/politica-de-cookies\/\",\"name\":\"Pol\u00edtica de Cookies - Good Service\",\"isPartOf\":{\"@id\":\"https:\/\/goodservice.es\/#website\"},\"datePublished\":\"2023-02-20T12:57:30+00:00\",\"dateModified\":\"2023-02-20T13:01:31+00:00\",\"inLanguage\":\"pt-PT\",\"potentialAction\":[{\"@type\":\"ReadAction\",\"target\":[\"https:\/\/goodservice.es\/politica-de-cookies\/\"]}]},{\"@type\":\"WebSite\",\"@id\":\"https:\/\/goodservice.es\/#website\",\"url\":\"https:\/\/goodservice.es\/\",\"name\":\"Good Service\",\"description\":\"Tarjeta Sanitaria\",\"publisher\":{\"@id\":\"https:\/\/goodservice.es\/#organization\"},\"potentialAction\":[{\"@type\":\"SearchAction\",\"target\":{\"@type\":\"EntryPoint\",\"urlTemplate\":\"https:\/\/goodservice.es\/?s={search_term_string}\"},\"query-input\":{\"@type\":\"PropertyValueSpecification\",\"valueRequired\":true,\"valueName\":\"search_term_string\"}}],\"inLanguage\":\"pt-PT\"},{\"@type\":\"Organization\",\"@id\":\"https:\/\/goodservice.es\/#organization\",\"name\":\"Good Service\",\"url\":\"https:\/\/goodservice.es\/\",\"logo\":{\"@type\":\"ImageObject\",\"inLanguage\":\"pt-PT\",\"@id\":\"https:\/\/goodservice.es\/#\/schema\/logo\/image\/\",\"url\":\"https:\/\/goodservice.es\/wp-content\/uploads\/2022\/11\/logo.svg\",\"contentUrl\":\"https:\/\/goodservice.es\/wp-content\/uploads\/2022\/11\/logo.svg\",\"width\":208,\"height\":108,\"caption\":\"Good Service\"},\"image\":{\"@id\":\"https:\/\/goodservice.es\/#\/schema\/logo\/image\/\"}}]}<\/script>\n<!-- \/ Yoast SEO plugin. -->","yoast_head_json":{"title":"Pol\u00edtica de Cookies - Good Service","robots":{"index":"index","follow":"follow","max-snippet":"max-snippet:-1","max-image-preview":"max-image-preview:large","max-video-preview":"max-video-preview:-1"},"canonical":"https:\/\/goodservice.es\/pt\/politica-de-cookies\/","og_locale":"pt_PT","og_type":"article","og_title":"Pol\u00edtica de Cookies - Good Service","og_description":"Pol\u00edtica de Cookies En la web https:\/\/goodservice.es\/ utilizamos cookies para facilitar la relaci\u00f3n de los visitantes con nuestro contenido y para permitir elaborar estad\u00edsticas sobre las visitantes que recibimos.En cumplimiento de la Directiva 2009\/136\/CE, desarrollada en nuestro ordenamiento por el apartado segundo del art\u00edculo 22 de la Ley de Servicios de Sociedad de la Informaci\u00f3n, [&hellip;]","og_url":"https:\/\/goodservice.es\/pt\/politica-de-cookies\/","og_site_name":"Good Service","article_modified_time":"2023-02-20T13:01:31+00:00","twitter_card":"summary_large_image","twitter_misc":{"Tempo estimado de leitura":"4 minutos"},"schema":{"@context":"https:\/\/schema.org","@graph":[{"@type":"WebPage","@id":"https:\/\/goodservice.es\/politica-de-cookies\/","url":"https:\/\/goodservice.es\/politica-de-cookies\/","name":"Pol\u00edtica de Cookies - Good Service","isPartOf":{"@id":"https:\/\/goodservice.es\/#website"},"datePublished":"2023-02-20T12:57:30+00:00","dateModified":"2023-02-20T13:01:31+00:00","inLanguage":"pt-PT","potentialAction":[{"@type":"ReadAction","target":["https:\/\/goodservice.es\/politica-de-cookies\/"]}]},{"@type":"WebSite","@id":"https:\/\/goodservice.es\/#website","url":"https:\/\/goodservice.es\/","name":"Good Service","description":"Tarjeta Sanitaria","publisher":{"@id":"https:\/\/goodservice.es\/#organization"},"potentialAction":[{"@type":"SearchAction","target":{"@type":"EntryPoint","urlTemplate":"https:\/\/goodservice.es\/?s={search_term_string}"},"query-input":{"@type":"PropertyValueSpecification","valueRequired":true,"valueName":"search_term_string"}}],"inLanguage":"pt-PT"},{"@type":"Organization","@id":"https:\/\/goodservice.es\/#organization","name":"Good Service","url":"https:\/\/goodservice.es\/","logo":{"@type":"ImageObject","inLanguage":"pt-PT","@id":"https:\/\/goodservice.es\/#\/schema\/logo\/image\/","url":"https:\/\/goodservice.es\/wp-content\/uploads\/2022\/11\/logo.svg","contentUrl":"https:\/\/goodservice.es\/wp-content\/uploads\/2022\/11\/logo.svg","width":208,"height":108,"caption":"Good Service"},"image":{"@id":"https:\/\/goodservice.es\/#\/schema\/logo\/image\/"}}]}},"_links":{"self":[{"href":"https:\/\/goodservice.es\/pt\/wp-json\/wp\/v2\/pages\/710","targetHints":{"allow":["GET"]}}],"collection":[{"href":"https:\/\/goodservice.es\/pt\/wp-json\/wp\/v2\/pages"}],"about":[{"href":"https:\/\/goodservice.es\/pt\/wp-json\/wp\/v2\/types\/page"}],"author":[{"embeddable":true,"href":"https:\/\/goodservice.es\/pt\/wp-json\/wp\/v2\/users\/1"}],"replies":[{"embeddable":true,"href":"https:\/\/goodservice.es\/pt\/wp-json\/wp\/v2\/comments?post=710"}],"version-history":[{"count":7,"href":"https:\/\/goodservice.es\/pt\/wp-json\/wp\/v2\/pages\/710\/revisions"}],"predecessor-version":[{"id":717,"href":"https:\/\/goodservice.es\/pt\/wp-json\/wp\/v2\/pages\/710\/revisions\/717"}],"wp:attachment":[{"href":"https:\/\/goodservice.es\/pt\/wp-json\/wp\/v2\/media?parent=710"}],"curies":[{"name":"wp","href":"https:\/\/api.w.org\/{rel}","templated":true}]}}