{"id":741,"date":"2023-02-22T13:03:21","date_gmt":"2023-02-22T13:03:21","guid":{"rendered":"https:\/\/goodservice.es\/aviso-legal-copy\/"},"modified":"2023-02-22T16:52:30","modified_gmt":"2023-02-22T16:52:30","slug":"area-privada","status":"publish","type":"page","link":"https:\/\/goodservice.es\/pt\/area-privada\/","title":{"rendered":"\u00c1rea privada"},"content":{"rendered":"<div data-elementor-type=\"wp-page\" data-elementor-id=\"741\" class=\"elementor elementor-741\" data-elementor-post-type=\"page\">\n\t\t\t\t\t\t<section class=\"elementor-section elementor-top-section elementor-element elementor-element-587a446 elementor-section-content-middle elementor-reverse-tablet elementor-reverse-mobile elementor-section-boxed elementor-section-height-default elementor-section-height-default\" data-id=\"587a446\" data-element_type=\"section\" data-settings=\"{&quot;background_background&quot;:&quot;classic&quot;}\">\n\t\t\t\t\t\t\t<div class=\"elementor-background-overlay\"><\/div>\n\t\t\t\t\t\t\t<div class=\"elementor-container elementor-column-gap-default\">\n\t\t\t\t\t<div class=\"elementor-column elementor-col-100 elementor-top-column elementor-element elementor-element-68e0353\" data-id=\"68e0353\" data-element_type=\"column\" data-settings=\"{&quot;background_background&quot;:&quot;classic&quot;}\">\n\t\t\t<div class=\"elementor-widget-wrap elementor-element-populated\">\n\t\t\t\t\t\t<div class=\"elementor-element elementor-element-a17a381 elementor-widget elementor-widget-heading\" data-id=\"a17a381\" data-element_type=\"widget\" data-widget_type=\"heading.default\">\n\t\t\t\t<div class=\"elementor-widget-container\">\n\t\t\t\t\t<h1 class=\"elementor-heading-title elementor-size-default\">\u00c1rea Privada<\/h1>\t\t\t\t<\/div>\n\t\t\t\t<\/div>\n\t\t\t\t<div class=\"elementor-element elementor-element-de9b858 elementor-widget-divider--view-line elementor-widget elementor-widget-divider\" data-id=\"de9b858\" data-element_type=\"widget\" data-widget_type=\"divider.default\">\n\t\t\t\t<div class=\"elementor-widget-container\">\n\t\t\t\t\t\t\t<div class=\"elementor-divider\">\n\t\t\t<span class=\"elementor-divider-separator\">\n\t\t\t\t\t\t<\/span>\n\t\t<\/div>\n\t\t\t\t\t\t<\/div>\n\t\t\t\t<\/div>\n\t\t\t\t\t<\/div>\n\t\t<\/div>\n\t\t\t\t\t<\/div>\n\t\t<\/section>\n\t\t\t\t<section class=\"elementor-section elementor-top-section elementor-element elementor-element-24d0db9 elementor-section-boxed elementor-section-height-default elementor-section-height-default\" data-id=\"24d0db9\" data-element_type=\"section\">\n\t\t\t\t\t\t<div class=\"elementor-container elementor-column-gap-no\">\n\t\t\t\t\t<div class=\"make-column-clickable-elementor elementor-column elementor-col-33 elementor-top-column elementor-element elementor-element-8af3f1b elementor-invisible\" style=\"cursor: pointer;\" data-column-clickable=\"https:\/\/gestion.goodservice.es\/login\" data-column-clickable-blank=\"_self\" data-id=\"8af3f1b\" data-element_type=\"column\" data-settings=\"{&quot;background_background&quot;:&quot;classic&quot;,&quot;animation&quot;:&quot;fadeInUp&quot;,&quot;animation_delay&quot;:400}\">\n\t\t\t<div class=\"elementor-widget-wrap elementor-element-populated\">\n\t\t\t\t\t\t<div class=\"elementor-element elementor-element-2b2dc50 elementor-view-default elementor-widget elementor-widget-icon\" data-id=\"2b2dc50\" data-element_type=\"widget\" data-widget_type=\"icon.default\">\n\t\t\t\t<div class=\"elementor-widget-container\">\n\t\t\t\t\t\t\t<div class=\"elementor-icon-wrapper\">\n\t\t\t<a class=\"elementor-icon\" href=\"https:\/\/gestion.goodservice.es\/login\">\n\t\t\t<i aria-hidden=\"true\" class=\"jki jki-user-alt-solid\"><\/i>\t\t\t<\/a>\n\t\t<\/div>\n\t\t\t\t\t\t<\/div>\n\t\t\t\t<\/div>\n\t\t\t\t<div class=\"elementor-element elementor-element-4f9a117 elementor-widget__width-inherit elementor-widget elementor-widget-heading\" data-id=\"4f9a117\" data-element_type=\"widget\" data-widget_type=\"heading.default\">\n\t\t\t\t<div class=\"elementor-widget-container\">\n\t\t\t\t\t<h2 class=\"elementor-heading-title elementor-size-default\"><a href=\"https:\/\/gestion.goodservice.es\/login\">Gerenciamento<\/a><\/h2>\t\t\t\t<\/div>\n\t\t\t\t<\/div>\n\t\t\t\t<div class=\"elementor-element elementor-element-7810c53 elementor-widget__width-auto elementor-absolute elementor-widget-divider--view-line elementor-widget elementor-widget-divider\" data-id=\"7810c53\" data-element_type=\"widget\" data-settings=\"{&quot;_position&quot;:&quot;absolute&quot;}\" data-widget_type=\"divider.default\">\n\t\t\t\t<div class=\"elementor-widget-container\">\n\t\t\t\t\t\t\t<div class=\"elementor-divider\">\n\t\t\t<span class=\"elementor-divider-separator\">\n\t\t\t\t\t\t<\/span>\n\t\t<\/div>\n\t\t\t\t\t\t<\/div>\n\t\t\t\t<\/div>\n\t\t\t\t\t<\/div>\n\t\t<\/div>\n\t\t\t\t<div class=\"make-column-clickable-elementor elementor-column elementor-col-33 elementor-top-column elementor-element elementor-element-6e4db53 elementor-invisible\" style=\"cursor: pointer;\" data-column-clickable=\"https:\/\/calculadora.goodservice.es\/login\" data-column-clickable-blank=\"_self\" data-id=\"6e4db53\" data-element_type=\"column\" data-settings=\"{&quot;background_background&quot;:&quot;classic&quot;,&quot;animation&quot;:&quot;fadeInUp&quot;,&quot;animation_delay&quot;:600}\">\n\t\t\t<div class=\"elementor-widget-wrap elementor-element-populated\">\n\t\t\t\t\t\t<div class=\"elementor-element elementor-element-219d1e2 elementor-view-default elementor-widget elementor-widget-icon\" data-id=\"219d1e2\" data-element_type=\"widget\" data-widget_type=\"icon.default\">\n\t\t\t\t<div class=\"elementor-widget-container\">\n\t\t\t\t\t\t\t<div class=\"elementor-icon-wrapper\">\n\t\t\t<a class=\"elementor-icon\" href=\"https:\/\/calculadora.goodservice.es\/login\">\n\t\t\t<i aria-hidden=\"true\" class=\"jki jki-calculator-solid\"><\/i>\t\t\t<\/a>\n\t\t<\/div>\n\t\t\t\t\t\t<\/div>\n\t\t\t\t<\/div>\n\t\t\t\t<div class=\"elementor-element elementor-element-7a857d4 elementor-widget__width-inherit elementor-widget elementor-widget-heading\" data-id=\"7a857d4\" data-element_type=\"widget\" data-widget_type=\"heading.default\">\n\t\t\t\t<div class=\"elementor-widget-container\">\n\t\t\t\t\t<h2 class=\"elementor-heading-title elementor-size-default\"><a href=\"https:\/\/calculadora.goodservice.es\/login\">Calculadora <\/a><\/h2>\t\t\t\t<\/div>\n\t\t\t\t<\/div>\n\t\t\t\t<div class=\"elementor-element elementor-element-265b6f0 elementor-widget__width-auto elementor-absolute elementor-widget-divider--view-line elementor-widget elementor-widget-divider\" data-id=\"265b6f0\" data-element_type=\"widget\" data-settings=\"{&quot;_position&quot;:&quot;absolute&quot;}\" data-widget_type=\"divider.default\">\n\t\t\t\t<div class=\"elementor-widget-container\">\n\t\t\t\t\t\t\t<div class=\"elementor-divider\">\n\t\t\t<span class=\"elementor-divider-separator\">\n\t\t\t\t\t\t<\/span>\n\t\t<\/div>\n\t\t\t\t\t\t<\/div>\n\t\t\t\t<\/div>\n\t\t\t\t\t<\/div>\n\t\t<\/div>\n\t\t\t\t<div class=\"make-column-clickable-elementor elementor-column elementor-col-33 elementor-top-column elementor-element elementor-element-10b0e69 elementor-invisible\" style=\"cursor: pointer;\" data-column-clickable=\"https:\/\/accounts.zoho.eu\/signin\" data-column-clickable-blank=\"_self\" data-id=\"10b0e69\" data-element_type=\"column\" data-settings=\"{&quot;background_background&quot;:&quot;classic&quot;,&quot;animation&quot;:&quot;fadeInUp&quot;,&quot;animation_delay&quot;:800}\">\n\t\t\t<div class=\"elementor-widget-wrap elementor-element-populated\">\n\t\t\t\t\t\t<div class=\"elementor-element elementor-element-2033d66 elementor-view-default elementor-widget elementor-widget-icon\" data-id=\"2033d66\" data-element_type=\"widget\" data-widget_type=\"icon.default\">\n\t\t\t\t<div class=\"elementor-widget-container\">\n\t\t\t\t\t\t\t<div class=\"elementor-icon-wrapper\">\n\t\t\t<a class=\"elementor-icon\" href=\"https:\/\/accounts.zoho.eu\/signin\">\n\t\t\t<i aria-hidden=\"true\" class=\"jki jki-poll-h-solid\"><\/i>\t\t\t<\/a>\n\t\t<\/div>\n\t\t\t\t\t\t<\/div>\n\t\t\t\t<\/div>\n\t\t\t\t<div class=\"elementor-element elementor-element-0422363 elementor-widget__width-inherit elementor-widget elementor-widget-heading\" data-id=\"0422363\" data-element_type=\"widget\" data-widget_type=\"heading.default\">\n\t\t\t\t<div class=\"elementor-widget-container\">\n\t\t\t\t\t<h2 class=\"elementor-heading-title elementor-size-default\"><a href=\"https:\/\/accounts.zoho.eu\/signin\">CRM<\/a><\/h2>\t\t\t\t<\/div>\n\t\t\t\t<\/div>\n\t\t\t\t<div class=\"elementor-element elementor-element-92a271b elementor-widget__width-auto elementor-absolute elementor-widget-divider--view-line elementor-widget elementor-widget-divider\" data-id=\"92a271b\" data-element_type=\"widget\" data-settings=\"{&quot;_position&quot;:&quot;absolute&quot;}\" data-widget_type=\"divider.default\">\n\t\t\t\t<div class=\"elementor-widget-container\">\n\t\t\t\t\t\t\t<div class=\"elementor-divider\">\n\t\t\t<span class=\"elementor-divider-separator\">\n\t\t\t\t\t\t<\/span>\n\t\t<\/div>\n\t\t\t\t\t\t<\/div>\n\t\t\t\t<\/div>\n\t\t\t\t\t<\/div>\n\t\t<\/div>\n\t\t\t\t\t<\/div>\n\t\t<\/section>\n\t\t\t\t<\/div>","protected":false},"excerpt":{"rendered":"<p>Calculadora de Gest\u00e3o de \u00c1rea Privada CRM<\/p>","protected":false},"author":1,"featured_media":0,"parent":0,"menu_order":0,"comment_status":"closed","ping_status":"closed","template":"","meta":{"inline_featured_image":false,"footnotes":""},"class_list":["post-741","page","type-page","status-publish","hentry"],"yoast_head":"<!-- This site is optimized with the Yoast SEO plugin v24.7 - https:\/\/yoast.com\/wordpress\/plugins\/seo\/ -->\n<title>\u00c1rea privada - Good Service<\/title>\n<meta name=\"robots\" content=\"index, follow, max-snippet:-1, max-image-preview:large, max-video-preview:-1\" \/>\n<link rel=\"canonical\" href=\"https:\/\/goodservice.es\/pt\/area-privada\/\" \/>\n<meta property=\"og:locale\" content=\"pt_PT\" \/>\n<meta property=\"og:type\" content=\"article\" \/>\n<meta property=\"og:title\" content=\"\u00c1rea privada - Good Service\" \/>\n<meta property=\"og:description\" content=\"\u00c1rea Privada Gesti\u00f3n Calculadora CRM\" \/>\n<meta property=\"og:url\" content=\"https:\/\/goodservice.es\/pt\/area-privada\/\" \/>\n<meta property=\"og:site_name\" content=\"Good Service\" \/>\n<meta property=\"article:modified_time\" content=\"2023-02-22T16:52:30+00:00\" \/>\n<meta name=\"twitter:card\" content=\"summary_large_image\" \/>\n<meta name=\"twitter:label1\" content=\"Tempo estimado de leitura\" \/>\n\t<meta name=\"twitter:data1\" content=\"1 minuto\" \/>\n<script type=\"application\/ld+json\" class=\"yoast-schema-graph\">{\"@context\":\"https:\/\/schema.org\",\"@graph\":[{\"@type\":\"WebPage\",\"@id\":\"https:\/\/goodservice.es\/area-privada\/\",\"url\":\"https:\/\/goodservice.es\/area-privada\/\",\"name\":\"\u00c1rea privada - Good Service\",\"isPartOf\":{\"@id\":\"https:\/\/goodservice.es\/#website\"},\"datePublished\":\"2023-02-22T13:03:21+00:00\",\"dateModified\":\"2023-02-22T16:52:30+00:00\",\"inLanguage\":\"pt-PT\",\"potentialAction\":[{\"@type\":\"ReadAction\",\"target\":[\"https:\/\/goodservice.es\/area-privada\/\"]}]},{\"@type\":\"WebSite\",\"@id\":\"https:\/\/goodservice.es\/#website\",\"url\":\"https:\/\/goodservice.es\/\",\"name\":\"Good Service\",\"description\":\"Tarjeta Sanitaria\",\"publisher\":{\"@id\":\"https:\/\/goodservice.es\/#organization\"},\"potentialAction\":[{\"@type\":\"SearchAction\",\"target\":{\"@type\":\"EntryPoint\",\"urlTemplate\":\"https:\/\/goodservice.es\/?s={search_term_string}\"},\"query-input\":{\"@type\":\"PropertyValueSpecification\",\"valueRequired\":true,\"valueName\":\"search_term_string\"}}],\"inLanguage\":\"pt-PT\"},{\"@type\":\"Organization\",\"@id\":\"https:\/\/goodservice.es\/#organization\",\"name\":\"Good Service\",\"url\":\"https:\/\/goodservice.es\/\",\"logo\":{\"@type\":\"ImageObject\",\"inLanguage\":\"pt-PT\",\"@id\":\"https:\/\/goodservice.es\/#\/schema\/logo\/image\/\",\"url\":\"https:\/\/goodservice.es\/wp-content\/uploads\/2022\/11\/logo.svg\",\"contentUrl\":\"https:\/\/goodservice.es\/wp-content\/uploads\/2022\/11\/logo.svg\",\"width\":208,\"height\":108,\"caption\":\"Good Service\"},\"image\":{\"@id\":\"https:\/\/goodservice.es\/#\/schema\/logo\/image\/\"}}]}<\/script>\n<!-- \/ Yoast SEO plugin. -->","yoast_head_json":{"title":"\u00c1rea privada - Good Service","robots":{"index":"index","follow":"follow","max-snippet":"max-snippet:-1","max-image-preview":"max-image-preview:large","max-video-preview":"max-video-preview:-1"},"canonical":"https:\/\/goodservice.es\/pt\/area-privada\/","og_locale":"pt_PT","og_type":"article","og_title":"\u00c1rea privada - Good Service","og_description":"\u00c1rea Privada Gesti\u00f3n Calculadora CRM","og_url":"https:\/\/goodservice.es\/pt\/area-privada\/","og_site_name":"Good Service","article_modified_time":"2023-02-22T16:52:30+00:00","twitter_card":"summary_large_image","twitter_misc":{"Tempo estimado de leitura":"1 minuto"},"schema":{"@context":"https:\/\/schema.org","@graph":[{"@type":"WebPage","@id":"https:\/\/goodservice.es\/area-privada\/","url":"https:\/\/goodservice.es\/area-privada\/","name":"\u00c1rea privada - Good Service","isPartOf":{"@id":"https:\/\/goodservice.es\/#website"},"datePublished":"2023-02-22T13:03:21+00:00","dateModified":"2023-02-22T16:52:30+00:00","inLanguage":"pt-PT","potentialAction":[{"@type":"ReadAction","target":["https:\/\/goodservice.es\/area-privada\/"]}]},{"@type":"WebSite","@id":"https:\/\/goodservice.es\/#website","url":"https:\/\/goodservice.es\/","name":"Good Service","description":"Tarjeta Sanitaria","publisher":{"@id":"https:\/\/goodservice.es\/#organization"},"potentialAction":[{"@type":"SearchAction","target":{"@type":"EntryPoint","urlTemplate":"https:\/\/goodservice.es\/?s={search_term_string}"},"query-input":{"@type":"PropertyValueSpecification","valueRequired":true,"valueName":"search_term_string"}}],"inLanguage":"pt-PT"},{"@type":"Organization","@id":"https:\/\/goodservice.es\/#organization","name":"Good Service","url":"https:\/\/goodservice.es\/","logo":{"@type":"ImageObject","inLanguage":"pt-PT","@id":"https:\/\/goodservice.es\/#\/schema\/logo\/image\/","url":"https:\/\/goodservice.es\/wp-content\/uploads\/2022\/11\/logo.svg","contentUrl":"https:\/\/goodservice.es\/wp-content\/uploads\/2022\/11\/logo.svg","width":208,"height":108,"caption":"Good Service"},"image":{"@id":"https:\/\/goodservice.es\/#\/schema\/logo\/image\/"}}]}},"_links":{"self":[{"href":"https:\/\/goodservice.es\/pt\/wp-json\/wp\/v2\/pages\/741","targetHints":{"allow":["GET"]}}],"collection":[{"href":"https:\/\/goodservice.es\/pt\/wp-json\/wp\/v2\/pages"}],"about":[{"href":"https:\/\/goodservice.es\/pt\/wp-json\/wp\/v2\/types\/page"}],"author":[{"embeddable":true,"href":"https:\/\/goodservice.es\/pt\/wp-json\/wp\/v2\/users\/1"}],"replies":[{"embeddable":true,"href":"https:\/\/goodservice.es\/pt\/wp-json\/wp\/v2\/comments?post=741"}],"version-history":[{"count":22,"href":"https:\/\/goodservice.es\/pt\/wp-json\/wp\/v2\/pages\/741\/revisions"}],"predecessor-version":[{"id":772,"href":"https:\/\/goodservice.es\/pt\/wp-json\/wp\/v2\/pages\/741\/revisions\/772"}],"wp:attachment":[{"href":"https:\/\/goodservice.es\/pt\/wp-json\/wp\/v2\/media?parent=741"}],"curies":[{"name":"wp","href":"https:\/\/api.w.org\/{rel}","templated":true}]}}